{"id":75,"date":"2016-03-09T13:31:15","date_gmt":"2016-03-09T13:31:15","guid":{"rendered":"http:\/\/www.blu-venture.de\/site\/?page_id=75"},"modified":"2020-06-16T02:38:04","modified_gmt":"2020-06-16T02:38:04","slug":"karibik","status":"publish","type":"page","link":"https:\/\/www.blu-venture.de\/?page_id=75","title":{"rendered":"Mitsegeln in der Karibik"},"content":{"rendered":"<p><img loading=\"lazy\" decoding=\"async\" class=\"alignnone wp-image-111\" src=\"http:\/\/www.blu-venture.de\/site\/wp-content\/uploads\/2016\/03\/DSCN0908-e1457540939698.jpg\" alt=\"DSCN0908\" width=\"605\" height=\"287\" srcset=\"https:\/\/www.blu-venture.de\/site\/wp-content\/uploads\/2016\/03\/DSCN0908-e1457540939698.jpg 4608w, https:\/\/www.blu-venture.de\/site\/wp-content\/uploads\/2016\/03\/DSCN0908-e1457540939698-300x142.jpg 300w, https:\/\/www.blu-venture.de\/site\/wp-content\/uploads\/2016\/03\/DSCN0908-e1457540939698-768x365.jpg 768w, https:\/\/www.blu-venture.de\/site\/wp-content\/uploads\/2016\/03\/DSCN0908-e1457540939698-1024x486.jpg 1024w\" sizes=\"auto, (max-width: 605px) 100vw, 605px\" \/>\u00a0 <img loading=\"lazy\" decoding=\"async\" class=\"alignnone wp-image-114 \" src=\"http:\/\/www.blu-venture.de\/site\/wp-content\/uploads\/2016\/03\/Karibik-MIX-2011-4-e1457970894636.jpg\" alt=\"\" width=\"299\" height=\"287\" srcset=\"https:\/\/www.blu-venture.de\/site\/wp-content\/uploads\/2016\/03\/Karibik-MIX-2011-4-e1457970894636.jpg 3120w, https:\/\/www.blu-venture.de\/site\/wp-content\/uploads\/2016\/03\/Karibik-MIX-2011-4-e1457970894636-300x288.jpg 300w, https:\/\/www.blu-venture.de\/site\/wp-content\/uploads\/2016\/03\/Karibik-MIX-2011-4-e1457970894636-768x738.jpg 768w, https:\/\/www.blu-venture.de\/site\/wp-content\/uploads\/2016\/03\/Karibik-MIX-2011-4-e1457970894636-1024x985.jpg 1024w\" sizes=\"auto, (max-width: 299px) 100vw, 299px\" \/><\/p>\n<p>An Bord von VAVA-U habt ihr die M\u00f6glichkeit die Inselwelt der Karibik zu erkunden und einige der in t\u00fcrkises Meer gebetteten Inseln mit tropischer Vegetation kennenzulernen.<br \/>\nVor Anker k\u00f6nnt ihr schnorcheln, Wassersport machen oder euch auf dem gro\u00dfz\u00fcgigen Deck sonnen.<br \/>\nBei Landg\u00e4ngen begleite ich euch gerne und zeige euch die sch\u00f6nsten Str\u00e4nde, Schnorchelspots, M\u00e4rkte und Cocktailbars mit Steelbands.<\/p>\n<p>Urlaubst\u00f6rns oder auch \u201eInsel-Buchten-Segeln\u201c sind T\u00f6rns zum Relaxen und Spa\u00df haben. Die Erholung steht im Vordergrund. Die T\u00f6rnroute ist offen und die Crew kann mitbestimmen wie sie verl\u00e4uft &#8211; wie lange und wo geankert wird, ob man essen geht oder selbst kocht, schnorchelt oder lieber baden geht, Wasserski f\u00e4hrt, mit einem der SUPs unterwegs ist oder lieber einen Landausflug unternimmt, all das bestimmt ihr.<br \/>\nUnter normalen Bedingungen wird pro Tag in der Regel drei bis vier Stunden gesegelt. Die restliche Zeit des Tages steht zur freien Verf\u00fcgung und wird zum Beispiel gerne f\u00fcr den <a href=\"http:\/\/www.blu-venture.de\/site\/?page_id=511\">Wassersport<\/a> genutzt.<\/p>\n<p>F\u00fcr allgemeine Informationen zu den T\u00f6rns sieh dir bitte die Rubriken unter <a href=\"http:\/\/www.blu-venture.de\/site\/?page_id=27\">&#8220;Reiseinfos&#8221;<\/a> an.<\/p>\n<p>Eindr\u00fccke vergangener Segelt\u00f6rns findest du im <a href=\"https:\/\/blog.blu-venture.de\/category\/tagebuch-bluventure\/karibik\/\" target=\"_blank\" rel=\"noopener noreferrer\">T\u00f6rnblog Karibik<\/a> oder in der <a href=\"http:\/\/www.blu-venture.de\/site\/?page_id=53\">Fotogalerie<\/a>.<\/p>\n<p>Zur Zeit\u00a0 segelt VAVA-U allerdings in der <a href=\"https:\/\/www.blu-venture.de\/?page_id=501\">S\u00fcdsee (Pazifik)<\/a>. Wann wir wieder in der Karibik sind steht dann im<a href=\"http:\/\/www.blu-venture.de\/site\/?page_id=29\"> T\u00f6rnplan.<\/a><\/p>\n<p>&nbsp;<\/p>\n<p><img loading=\"lazy\" decoding=\"async\" class=\"alignnone wp-image-602\" src=\"http:\/\/www.blu-venture.de\/site\/wp-content\/uploads\/2016\/03\/Little-Dix-Bay_5.jpg\" alt=\"Little Dix Bay_5\" width=\"390\" height=\"293\" srcset=\"https:\/\/www.blu-venture.de\/site\/wp-content\/uploads\/2016\/03\/Little-Dix-Bay_5.jpg 3456w, https:\/\/www.blu-venture.de\/site\/wp-content\/uploads\/2016\/03\/Little-Dix-Bay_5-300x225.jpg 300w, https:\/\/www.blu-venture.de\/site\/wp-content\/uploads\/2016\/03\/Little-Dix-Bay_5-768x576.jpg 768w, https:\/\/www.blu-venture.de\/site\/wp-content\/uploads\/2016\/03\/Little-Dix-Bay_5-1024x768.jpg 1024w\" sizes=\"auto, (max-width: 390px) 100vw, 390px\" \/>\u00a0 <img loading=\"lazy\" decoding=\"async\" class=\"alignnone wp-image-113\" src=\"http:\/\/www.blu-venture.de\/site\/wp-content\/uploads\/2016\/03\/Karibik-Drinks-5.jpg\" alt=\"Karibik Drinks-5\" width=\"520\" height=\"293\" srcset=\"https:\/\/www.blu-venture.de\/site\/wp-content\/uploads\/2016\/03\/Karibik-Drinks-5.jpg 3712w, https:\/\/www.blu-venture.de\/site\/wp-content\/uploads\/2016\/03\/Karibik-Drinks-5-300x169.jpg 300w, https:\/\/www.blu-venture.de\/site\/wp-content\/uploads\/2016\/03\/Karibik-Drinks-5-768x432.jpg 768w, https:\/\/www.blu-venture.de\/site\/wp-content\/uploads\/2016\/03\/Karibik-Drinks-5-1024x576.jpg 1024w\" sizes=\"auto, (max-width: 520px) 100vw, 520px\" \/><\/p>\n","protected":false},"excerpt":{"rendered":"<p>\u00a0 An Bord von VAVA-U habt ihr die M\u00f6glichkeit die Inselwelt der Karibik zu erkunden und einige der in t\u00fcrkises Meer gebetteten Inseln mit tropischer Vegetation kennenzulernen. Vor Anker k\u00f6nnt ihr schnorcheln, Wassersport machen oder euch auf dem gro\u00dfz\u00fcgigen Deck<\/p>\n","protected":false},"author":2,"featured_media":0,"parent":0,"menu_order":0,"comment_status":"closed","ping_status":"closed","template":"","meta":{"sfsi_plus_gutenberg_text_before_share":"","sfsi_plus_gutenberg_show_text_before_share":"","sfsi_plus_gutenberg_icon_type":"","sfsi_plus_gutenberg_icon_alignemt":"","sfsi_plus_gutenburg_max_per_row":"","footnotes":""},"class_list":["post-75","page","type-page","status-publish","hentry"],"_links":{"self":[{"href":"https:\/\/www.blu-venture.de\/index.php?rest_route=\/wp\/v2\/pages\/75","targetHints":{"allow":["GET"]}}],"collection":[{"href":"https:\/\/www.blu-venture.de\/index.php?rest_route=\/wp\/v2\/pages"}],"about":[{"href":"https:\/\/www.blu-venture.de\/index.php?rest_route=\/wp\/v2\/types\/page"}],"author":[{"embeddable":true,"href":"https:\/\/www.blu-venture.de\/index.php?rest_route=\/wp\/v2\/users\/2"}],"replies":[{"embeddable":true,"href":"https:\/\/www.blu-venture.de\/index.php?rest_route=%2Fwp%2Fv2%2Fcomments&post=75"}],"version-history":[{"count":18,"href":"https:\/\/www.blu-venture.de\/index.php?rest_route=\/wp\/v2\/pages\/75\/revisions"}],"predecessor-version":[{"id":2950,"href":"https:\/\/www.blu-venture.de\/index.php?rest_route=\/wp\/v2\/pages\/75\/revisions\/2950"}],"wp:attachment":[{"href":"https:\/\/www.blu-venture.de\/index.php?rest_route=%2Fwp%2Fv2%2Fmedia&parent=75"}],"curies":[{"name":"wp","href":"https:\/\/api.w.org\/{rel}","templated":true}]}}