{"id":73,"date":"2016-03-09T13:30:54","date_gmt":"2016-03-09T13:30:54","guid":{"rendered":"http:\/\/www.blu-venture.de\/site\/?page_id=73"},"modified":"2020-06-15T05:24:43","modified_gmt":"2020-06-15T05:24:43","slug":"griechenland","status":"publish","type":"page","link":"https:\/\/www.blu-venture.de\/?page_id=73","title":{"rendered":"Mitsegeln in Griechenland"},"content":{"rendered":"<p><img loading=\"lazy\" decoding=\"async\" class=\"alignnone wp-image-437\" src=\"http:\/\/www.blu-venture.de\/site\/wp-content\/uploads\/2016\/03\/Paros.jpg\" alt=\"Paros\" width=\"470\" height=\"308\" srcset=\"https:\/\/www.blu-venture.de\/site\/wp-content\/uploads\/2016\/03\/Paros.jpg 2362w, https:\/\/www.blu-venture.de\/site\/wp-content\/uploads\/2016\/03\/Paros-300x197.jpg 300w, https:\/\/www.blu-venture.de\/site\/wp-content\/uploads\/2016\/03\/Paros-768x504.jpg 768w, https:\/\/www.blu-venture.de\/site\/wp-content\/uploads\/2016\/03\/Paros-1024x672.jpg 1024w\" sizes=\"auto, (max-width: 470px) 100vw, 470px\" \/>\u00a0\u00a0 <img loading=\"lazy\" decoding=\"async\" class=\"alignnone wp-image-106\" src=\"http:\/\/www.blu-venture.de\/site\/wp-content\/uploads\/2016\/03\/Delphine.jpg\" alt=\"Delphine\" width=\"439\" height=\"307\" srcset=\"https:\/\/www.blu-venture.de\/site\/wp-content\/uploads\/2016\/03\/Delphine.jpg 1417w, https:\/\/www.blu-venture.de\/site\/wp-content\/uploads\/2016\/03\/Delphine-300x210.jpg 300w, https:\/\/www.blu-venture.de\/site\/wp-content\/uploads\/2016\/03\/Delphine-768x538.jpg 768w, https:\/\/www.blu-venture.de\/site\/wp-content\/uploads\/2016\/03\/Delphine-1024x718.jpg 1024w\" sizes=\"auto, (max-width: 439px) 100vw, 439px\" \/><\/p>\n<h5><\/h5>\n<p>Die letzten Jahre haben wir viele und sehr sch\u00f6ne Sommer in Griechenland verbracht. Wir werden auch sicher in einigen Jahren das Segelgebiet aufs neue erkunden.<br \/>\nSeit 2016 bin ich aber erstmal auf <a href=\"http:\/\/www.blu-venture.de\/site\/?page_id=11\">Weltumsegelung<\/a>.<\/p>\n<p>Sobald es wieder Termine f\u00fcr Griechenlandt\u00f6rns gibt, erf\u00e4hrst du es <a href=\"https:\/\/www.blu-venture.de\/?page_id=29\">hier<\/a>.<\/p>\n<p>Eindr\u00fccke von vergangenen Segelt\u00f6rns in Griechenlan findest du im <a href=\"https:\/\/blog.blu-venture.de\/category\/tagebuch-bluventure\/griechenland\/\" target=\"_blank\" rel=\"noopener noreferrer\">T\u00f6rnblog Griechenland<\/a> und\/oder in der <a href=\"http:\/\/www.blu-venture.de\/site\/?page_id=53\">Fotogalerie<\/a>.<\/p>\n<p>&nbsp;<\/p>\n<p><img loading=\"lazy\" decoding=\"async\" class=\"alignnone wp-image-746\" src=\"http:\/\/www.blu-venture.de\/site\/wp-content\/uploads\/2016\/03\/IMG_1386.jpg\" alt=\"IMG_1386\" width=\"453\" height=\"340\" srcset=\"https:\/\/www.blu-venture.de\/site\/wp-content\/uploads\/2016\/03\/IMG_1386.jpg 3264w, https:\/\/www.blu-venture.de\/site\/wp-content\/uploads\/2016\/03\/IMG_1386-300x225.jpg 300w, https:\/\/www.blu-venture.de\/site\/wp-content\/uploads\/2016\/03\/IMG_1386-768x576.jpg 768w, https:\/\/www.blu-venture.de\/site\/wp-content\/uploads\/2016\/03\/IMG_1386-1024x768.jpg 1024w\" sizes=\"auto, (max-width: 453px) 100vw, 453px\" \/> \u00a0 <img loading=\"lazy\" decoding=\"async\" class=\"alignnone wp-image-133\" src=\"http:\/\/www.blu-venture.de\/site\/wp-content\/uploads\/2016\/03\/IMG_2140.jpg\" alt=\"IMG_2140\" width=\"453\" height=\"339\" srcset=\"https:\/\/www.blu-venture.de\/site\/wp-content\/uploads\/2016\/03\/IMG_2140.jpg 1654w, https:\/\/www.blu-venture.de\/site\/wp-content\/uploads\/2016\/03\/IMG_2140-300x225.jpg 300w, https:\/\/www.blu-venture.de\/site\/wp-content\/uploads\/2016\/03\/IMG_2140-768x576.jpg 768w, https:\/\/www.blu-venture.de\/site\/wp-content\/uploads\/2016\/03\/IMG_2140-1024x768.jpg 1024w\" sizes=\"auto, (max-width: 453px) 100vw, 453px\" \/><\/p>\n","protected":false},"excerpt":{"rendered":"<p>\u00a0\u00a0 Die letzten Jahre haben wir viele und sehr sch\u00f6ne Sommer in Griechenland verbracht. Wir werden auch sicher in einigen Jahren das Segelgebiet aufs neue erkunden. Seit 2016 bin ich aber erstmal auf Weltumsegelung. Sobald es wieder Termine f\u00fcr Griechenlandt\u00f6rns<\/p>\n","protected":false},"author":2,"featured_media":0,"parent":0,"menu_order":0,"comment_status":"closed","ping_status":"closed","template":"","meta":{"sfsi_plus_gutenberg_text_before_share":"","sfsi_plus_gutenberg_show_text_before_share":"","sfsi_plus_gutenberg_icon_type":"","sfsi_plus_gutenberg_icon_alignemt":"","sfsi_plus_gutenburg_max_per_row":"","footnotes":""},"class_list":["post-73","page","type-page","status-publish","hentry"],"_links":{"self":[{"href":"https:\/\/www.blu-venture.de\/index.php?rest_route=\/wp\/v2\/pages\/73","targetHints":{"allow":["GET"]}}],"collection":[{"href":"https:\/\/www.blu-venture.de\/index.php?rest_route=\/wp\/v2\/pages"}],"about":[{"href":"https:\/\/www.blu-venture.de\/index.php?rest_route=\/wp\/v2\/types\/page"}],"author":[{"embeddable":true,"href":"https:\/\/www.blu-venture.de\/index.php?rest_route=\/wp\/v2\/users\/2"}],"replies":[{"embeddable":true,"href":"https:\/\/www.blu-venture.de\/index.php?rest_route=%2Fwp%2Fv2%2Fcomments&post=73"}],"version-history":[{"count":28,"href":"https:\/\/www.blu-venture.de\/index.php?rest_route=\/wp\/v2\/pages\/73\/revisions"}],"predecessor-version":[{"id":2949,"href":"https:\/\/www.blu-venture.de\/index.php?rest_route=\/wp\/v2\/pages\/73\/revisions\/2949"}],"wp:attachment":[{"href":"https:\/\/www.blu-venture.de\/index.php?rest_route=%2Fwp%2Fv2%2Fmedia&parent=73"}],"curies":[{"name":"wp","href":"https:\/\/api.w.org\/{rel}","templated":true}]}}