{"id":65,"date":"2016-03-09T13:29:07","date_gmt":"2016-03-09T13:29:07","guid":{"rendered":"http:\/\/www.blu-venture.de\/site\/?page_id=65"},"modified":"2021-07-28T05:35:05","modified_gmt":"2021-07-28T05:35:05","slug":"nebenkosten-extras","status":"publish","type":"page","link":"https:\/\/www.blu-venture.de\/?page_id=65","title":{"rendered":"AGB, Inklusivleistungen und Nebenkosten"},"content":{"rendered":"<h5><strong>AGB<br \/>\n<\/strong><\/h5>\n<p>Hier findet ihr die <a href=\"http:\/\/www.blu-venture.de\/site\/wp-content\/uploads\/2021\/08\/20210829_AGB-bluventure.pdf\" target=\"_blank\" rel=\"noopener noreferrer\">AGB von bluventure als PDF zum Download.<\/a><\/p>\n<h5><strong>Inklusivleistungen<\/strong><\/h5>\n<p>Im T\u00f6rnpreis inbegriffen sind neben der Koje (Bett) in einer Doppel-\/ Zweierkabine folgende Leistungen:<\/p>\n<ul>\n<li>1x Kopfkissen und Sommerdecke mit Bettw\u00e4sche<\/li>\n<li>Komplette K\u00fcchenausstattung mit Grundstock an Gew\u00fcrzen, \u00d6l, etc. und Reinigungsmitteln<\/li>\n<li>Benutzung aller verf\u00fcgbaren Wassersportger\u00e4te (exklusive Tauchen und Kiteaur\u00fcstung)<\/li>\n<\/ul>\n<h5><strong>Nebenkosten<\/strong><\/h5>\n<p>Nebenkosten sind alle Kosten, die nicht im T\u00f6rnpreis enthalten sind (siehe <a href=\"http:\/\/www.blu-venture.de\/site\/wp-content\/uploads\/2021\/08\/20210829_AGB-bluventure.pdf\" target=\"_blank\" rel=\"noopener noreferrer\">AGB<\/a>). Sie werden von allen Teilnehmern (exklusive Skipper) zu gleichen Teilen getragenen. Sie beinhalten die Kosten f\u00fcr Motorstunden, Generatorstunden und die Endreinigung. Eine genaue Aufschl\u00fcsselung findet ihr nachstehend, alle genannten Preise sind f\u00fcr Buchungen bis 31.12.2021 g\u00fcltig.<br \/>\nPro Person pro Woche ist mit ca. 80 &#8211; 120 \u20ac Nebenkosten zu rechnen. Diese Angabe beruht auf Erfahrungswerten vergangener T\u00f6rns und kann somit nicht garantiert werden.<\/p>\n<h6>Bordkasse<\/h6>\n<p>In die Bordkasse zahlen alle T\u00f6rnteilnehmer (exklusive Skipper) zu gleichen Teilen ein. Bei Kindern wird eine einvernehmliche L\u00f6sung gefunden. (siehe <a href=\"http:\/\/www.blu-venture.de\/site\/wp-content\/uploads\/2021\/08\/20210829_AGB-bluventure.pdf\" target=\"_blank\" rel=\"noopener noreferrer\">AGB<\/a>)<br \/>\nAus der Bordkasse, die ein T\u00f6rnteilnehmer verwaltet, werden die Kosten f\u00fcr Lebensmittel und Speisen w\u00e4hrend des T\u00f6rns bezahlt. Weiterhin werden daraus die Kosten f\u00fcr Hafengeb\u00fchren, Ein- und Ausklarieren, Kanalgeb\u00fchren o.\u00e4., Gas und der Treibstoff f\u00fcr die Beiboote beglichen.<\/p>\n<h6>Motorstunden<\/h6>\n<p>Die Motorstunden, auch die des Generators, werden nach Verbrauch mittels Betriebsstundenz\u00e4hler pauschal am T\u00f6rnende abgerechnet. (Motoren 12\u20ac\/Std., Generator 6\u20ac\/Std.)<br \/>\nDurchschnittlich kann hier mit ca. 2-4 Stunden\/Tag bei den Motoren und ca. 1-2 Stunden\/Tag f\u00fcr den Generator kalkuliert werden. Die Motorstunden fallen durch \u201eMotoren\u201c bei Flaute, Hafen-oder Buchten-Man\u00f6vern an. Generatorstunden fallen zum Laden der Batterien (Stromversorgung) sowie zur Trinkwasseraufbereitung an.<\/p>\n<h6>Endreinigung<\/h6>\n<p>Die Endreinigung betr\u00e4gt pauschal 135,00 \u20ac. Sie teilt sich auf alle T\u00f6rnteilnehmer (exklusive Skipper) zu gleichen Teilen auf.<\/p>\n<h6>Liegeplatz-\/Klarierungsgeb\u00fchren<\/h6>\n<p>Je nach Liegeplatz (Marina, Hafen, Boje, Ankern) k\u00f6nnen vom jeweiligen Betreiber unterschiedliche Geb\u00fchren erhoben werden. VAVA-U wird nach M\u00f6glichkeit haupts\u00e4chlich vor Anker liegen. In allen bisher besegelten Revieren (Europa, Karibik, Pazifik) war das Ankern kostenfrei.<br \/>\nKlarierungsgeb\u00fchren (Ein- und Ausreisegeb\u00fchren) fallen bei T\u00f6rns mit L\u00e4nderwechsel an.<\/p>\n<h5><strong>Preisnachl\u00e4sse und -zuschl\u00e4ge<br \/>\n<\/strong><\/h5>\n<p>Preisnachl\u00e4sse f\u00fcr Kinder, bei Buchung f\u00fcr mehrere Personen oder des kompletten Schiffes, oder der Buchung mehrerer T\u00f6rns in Folge <a href=\"mailto:toerns@blu-venture.de?Subject=T\u00f6rnanfrage-Sonderkonditionen\" target=\"_blank\" rel=\"noopener noreferrer\">bitte anfragen<\/a>.<\/p>\n<p>F\u00fcr Sonderaktionen und Fr\u00fchbuchernachl\u00e4sse sowie Last-Minute-Angebote melde dich f\u00fcr den <a href=\"mailto:toerns@blu-venture.de?Subject=Newsletteranmeldung\">Newsletter<\/a> an.<\/p>\n<h6>Preiszuschl\u00e4ge:<\/h6>\n<ul>\n<li>Einzelbelegung in Doppelkabine: plus 100%<\/li>\n<li>Wunschkabine f\u00fcr ein bis zwei Personen: T\u00f6rnpreis zzgl. 100,00 \u20ac<\/li>\n<li>Extra-\u00dcbernachtung am Vortag (ab 16.00 Uhr) vor T\u00f6rnbeginn oder nach T\u00f6rnende bis zum n\u00e4chsten Morgen (bis 09.00 Uhr) 50\u20ac p.P.\/Nacht<br \/>\nDieses Angebot ist nur nach vorheriger Absprache m\u00f6glich.<\/li>\n<li>Kosten f\u00fcr auf Wunsch angeforderten Koch und\/ oder Hostess, die wie der Skipper von der Bordkasse befreit sind, auf Anfrage.<\/li>\n<\/ul>\n<h5><strong>Exklusivleistungen<\/strong><\/h5>\n<ul>\n<li>An- und Abreise<\/li>\n<li>eventuelle Hotel\u00fcbernachtungen<\/li>\n<li>Geb\u00fchren f\u00fcr Visa, Einklarierung<\/li>\n<li>Transfer zu\/ ab Liegeplatz von VAVA-U<\/li>\n<li>eventuell anfallende Eintrittsgelder bei Ausfl\u00fcgen<\/li>\n<li>Reiser\u00fccktrittsversicherung (dringend empfohlen)<\/li>\n<li>Auslandskrankenversicherung (dringend empfohlen)<\/li>\n<li>private Haftpflichtversicherung (dringend empfohlen)<\/li>\n<\/ul>\n<h5><strong>Tauchen und Kiten<\/strong><\/h5>\n<ul>\n<li>gew\u00fcnschte Tauchg\u00e4nge: 35\u20ac p.P. bei mindestens zwei Teilnehmern,<br \/>\n55\u20ac bei Einzelperson (Begleitung durch den Skipper)<\/li>\n<li>Kitesurfausr\u00fcstung: 3 Stunden 50\u20ac<\/li>\n<\/ul>\n<p>Alle hier genannten Preise sind g\u00fcltig f\u00fcr Buchungen bis 31.12.2021<\/p>\n","protected":false},"excerpt":{"rendered":"<p>AGB Hier findet ihr die AGB von bluventure als PDF zum Download. Inklusivleistungen Im T\u00f6rnpreis inbegriffen sind neben der Koje (Bett) in einer Doppel-\/ Zweierkabine folgende Leistungen: 1x Kopfkissen und Sommerdecke mit Bettw\u00e4sche Komplette K\u00fcchenausstattung mit Grundstock an Gew\u00fcrzen, \u00d6l,<\/p>\n","protected":false},"author":2,"featured_media":0,"parent":0,"menu_order":0,"comment_status":"closed","ping_status":"closed","template":"","meta":{"sfsi_plus_gutenberg_text_before_share":"","sfsi_plus_gutenberg_show_text_before_share":"","sfsi_plus_gutenberg_icon_type":"","sfsi_plus_gutenberg_icon_alignemt":"","sfsi_plus_gutenburg_max_per_row":"","footnotes":""},"class_list":["post-65","page","type-page","status-publish","hentry"],"_links":{"self":[{"href":"https:\/\/www.blu-venture.de\/index.php?rest_route=\/wp\/v2\/pages\/65","targetHints":{"allow":["GET"]}}],"collection":[{"href":"https:\/\/www.blu-venture.de\/index.php?rest_route=\/wp\/v2\/pages"}],"about":[{"href":"https:\/\/www.blu-venture.de\/index.php?rest_route=\/wp\/v2\/types\/page"}],"author":[{"embeddable":true,"href":"https:\/\/www.blu-venture.de\/index.php?rest_route=\/wp\/v2\/users\/2"}],"replies":[{"embeddable":true,"href":"https:\/\/www.blu-venture.de\/index.php?rest_route=%2Fwp%2Fv2%2Fcomments&post=65"}],"version-history":[{"count":41,"href":"https:\/\/www.blu-venture.de\/index.php?rest_route=\/wp\/v2\/pages\/65\/revisions"}],"predecessor-version":[{"id":3177,"href":"https:\/\/www.blu-venture.de\/index.php?rest_route=\/wp\/v2\/pages\/65\/revisions\/3177"}],"wp:attachment":[{"href":"https:\/\/www.blu-venture.de\/index.php?rest_route=%2Fwp%2Fv2%2Fmedia&parent=65"}],"curies":[{"name":"wp","href":"https:\/\/api.w.org\/{rel}","templated":true}]}}