{"id":511,"date":"2016-03-12T17:08:55","date_gmt":"2016-03-12T17:08:55","guid":{"rendered":"http:\/\/www.blu-venture.de\/site\/?page_id=511"},"modified":"2021-07-28T05:04:12","modified_gmt":"2021-07-28T05:04:12","slug":"wassersport","status":"publish","type":"page","link":"https:\/\/www.blu-venture.de\/?page_id=511","title":{"rendered":"Wassersport"},"content":{"rendered":"<h6>Wassersportausr\u00fcstung an Bord:<\/h6>\n<ul>\n<li>50 PS Motorboot<\/li>\n<li>Wasserski<\/li>\n<li>Monoski<\/li>\n<li>Wakeskate<\/li>\n<li>Kniebord<\/li>\n<li>Boogie Board<\/li>\n<li>2 x Kanus<\/li>\n<li>2 x SUPs = Stand up Paddle Bords<\/li>\n<li>2x Klappr\u00e4der f\u00fcr Landausfl\u00fcge<\/li>\n<li>3 x Tauchausr\u00fcstung (Benutzung nur mit Tauchschein und gegen <a href=\"http:\/\/www.blu-venture.de\/site\/?page_id=65\">Geb\u00fchr<\/a>)<\/li>\n<li>Kites &#8211; 7,5m\u00b2\/ 9m\u00b2 \/9,5m\u00b2 und Kiteboards 135cm\/ 145cm\u00a0 (Benutzung nur f\u00fcr Kiter und gegen <a href=\"http:\/\/www.blu-venture.de\/site\/?page_id=65\">Geb\u00fchr<\/a>)<\/li>\n<li>Schnorchelausr\u00fcstung (nicht f\u00fcr jeden komplett und passend, daher bitte lieber selbst mitbringen)<\/li>\n<\/ul>\n<p>Die Wassersportausr\u00fcstung steht allen G\u00e4sten kostenfrei zur Verf\u00fcgung. F\u00fcr den Einsatz des Motorboots sind die Spritkosten zu tragen. Pro Tauchgang und Kiten f\u00e4llt eine <a href=\"http:\/\/www.blu-venture.de\/site\/?page_id=65\">Geb\u00fchr<\/a> an, die individuell mit den Teilnehmern abgerechnet wird.<\/p>\n<p><img loading=\"lazy\" decoding=\"async\" class=\"alignnone wp-image-157\" src=\"http:\/\/www.blu-venture.de\/site\/wp-content\/uploads\/2016\/03\/P1000553.jpg\" alt=\"P1000553\" width=\"510\" height=\"382\" srcset=\"https:\/\/www.blu-venture.de\/site\/wp-content\/uploads\/2016\/03\/P1000553.jpg 4608w, https:\/\/www.blu-venture.de\/site\/wp-content\/uploads\/2016\/03\/P1000553-300x225.jpg 300w, https:\/\/www.blu-venture.de\/site\/wp-content\/uploads\/2016\/03\/P1000553-768x576.jpg 768w, https:\/\/www.blu-venture.de\/site\/wp-content\/uploads\/2016\/03\/P1000553-1024x768.jpg 1024w\" sizes=\"auto, (max-width: 510px) 100vw, 510px\" \/>\u00a0 \u00a0<img loading=\"lazy\" decoding=\"async\" class=\"alignnone wp-image-114\" src=\"http:\/\/www.blu-venture.de\/site\/wp-content\/uploads\/2016\/03\/Karibik-MIX-2011-4-e1457970894636.jpg\" alt=\"Karibik-MIX-2011-4\" width=\"397\" height=\"382\" srcset=\"https:\/\/www.blu-venture.de\/site\/wp-content\/uploads\/2016\/03\/Karibik-MIX-2011-4-e1457970894636.jpg 3120w, https:\/\/www.blu-venture.de\/site\/wp-content\/uploads\/2016\/03\/Karibik-MIX-2011-4-e1457970894636-300x288.jpg 300w, https:\/\/www.blu-venture.de\/site\/wp-content\/uploads\/2016\/03\/Karibik-MIX-2011-4-e1457970894636-768x738.jpg 768w, https:\/\/www.blu-venture.de\/site\/wp-content\/uploads\/2016\/03\/Karibik-MIX-2011-4-e1457970894636-1024x985.jpg 1024w\" sizes=\"auto, (max-width: 397px) 100vw, 397px\" \/>\u00a0 \u00a0<img loading=\"lazy\" decoding=\"async\" class=\"alignnone wp-image-625\" src=\"http:\/\/www.blu-venture.de\/site\/wp-content\/uploads\/2016\/03\/Wasserski-und-Kniebord-auf-VAVA-U_6.jpg\" alt=\"Wasserski-und-Kniebord-auf-VAVA-U_6\" width=\"453\" height=\"302\" srcset=\"https:\/\/www.blu-venture.de\/site\/wp-content\/uploads\/2016\/03\/Wasserski-und-Kniebord-auf-VAVA-U_6.jpg 450w, https:\/\/www.blu-venture.de\/site\/wp-content\/uploads\/2016\/03\/Wasserski-und-Kniebord-auf-VAVA-U_6-300x200.jpg 300w\" sizes=\"auto, (max-width: 453px) 100vw, 453px\" \/>\u00a0 \u00a0<img loading=\"lazy\" decoding=\"async\" class=\"alignnone wp-image-624\" src=\"http:\/\/www.blu-venture.de\/site\/wp-content\/uploads\/2016\/03\/Wasserski-und-Kniebord-auf-VAVA-U_1.jpg\" alt=\"Wasserski-und-Kniebord-auf-VAVA-U_1\" width=\"454\" height=\"302\" srcset=\"https:\/\/www.blu-venture.de\/site\/wp-content\/uploads\/2016\/03\/Wasserski-und-Kniebord-auf-VAVA-U_1.jpg 450w, https:\/\/www.blu-venture.de\/site\/wp-content\/uploads\/2016\/03\/Wasserski-und-Kniebord-auf-VAVA-U_1-300x200.jpg 300w\" sizes=\"auto, (max-width: 454px) 100vw, 454px\" \/><img loading=\"lazy\" decoding=\"async\" class=\"alignnone wp-image-622 \" src=\"http:\/\/www.blu-venture.de\/site\/wp-content\/uploads\/2016\/03\/Wakebord-Premiere_3-e1457973390102.jpg\" alt=\"\" width=\"336\" height=\"383\" \/>\u00a0 \u00a0<img loading=\"lazy\" decoding=\"async\" class=\"alignnone wp-image-1921\" src=\"http:\/\/www.blu-venture.de\/site\/wp-content\/uploads\/2016\/03\/Kanus-300x200.jpg\" alt=\"\" width=\"573\" height=\"382\" srcset=\"https:\/\/www.blu-venture.de\/site\/wp-content\/uploads\/2016\/03\/Kanus-300x200.jpg 300w, https:\/\/www.blu-venture.de\/site\/wp-content\/uploads\/2016\/03\/Kanus.jpg 450w\" sizes=\"auto, (max-width: 573px) 100vw, 573px\" \/>\u00a0 \u00a0\u00a0<img loading=\"lazy\" decoding=\"async\" class=\"alignnone wp-image-1918\" src=\"http:\/\/www.blu-venture.de\/site\/wp-content\/uploads\/2016\/03\/WasserskiBahamas-4_Bildgr\u00f6\u00dfe-\u00e4ndern-300x225.jpg\" alt=\"\" width=\"454\" height=\"340\" srcset=\"https:\/\/www.blu-venture.de\/site\/wp-content\/uploads\/2016\/03\/WasserskiBahamas-4_Bildgr\u00f6\u00dfe-\u00e4ndern-300x225.jpg 300w, https:\/\/www.blu-venture.de\/site\/wp-content\/uploads\/2016\/03\/WasserskiBahamas-4_Bildgr\u00f6\u00dfe-\u00e4ndern-768x576.jpg 768w, https:\/\/www.blu-venture.de\/site\/wp-content\/uploads\/2016\/03\/WasserskiBahamas-4_Bildgr\u00f6\u00dfe-\u00e4ndern.jpg 800w\" sizes=\"auto, (max-width: 454px) 100vw, 454px\" \/>\u00a0 \u00a0<img loading=\"lazy\" decoding=\"async\" class=\"alignnone wp-image-1917\" src=\"http:\/\/www.blu-venture.de\/site\/wp-content\/uploads\/2016\/03\/WasserskiBahamas-1_Bildgr\u00f6\u00dfe-\u00e4ndern-300x225.jpg\" alt=\"\" width=\"452\" height=\"339\" srcset=\"https:\/\/www.blu-venture.de\/site\/wp-content\/uploads\/2016\/03\/WasserskiBahamas-1_Bildgr\u00f6\u00dfe-\u00e4ndern-300x225.jpg 300w, https:\/\/www.blu-venture.de\/site\/wp-content\/uploads\/2016\/03\/WasserskiBahamas-1_Bildgr\u00f6\u00dfe-\u00e4ndern-768x576.jpg 768w, https:\/\/www.blu-venture.de\/site\/wp-content\/uploads\/2016\/03\/WasserskiBahamas-1_Bildgr\u00f6\u00dfe-\u00e4ndern.jpg 800w\" sizes=\"auto, (max-width: 452px) 100vw, 452px\" \/><img loading=\"lazy\" decoding=\"async\" class=\" wp-image-109\" src=\"http:\/\/www.blu-venture.de\/site\/wp-content\/uploads\/2016\/03\/Stand-up-paddeling-Auf-den-SUPs-die-Buchten-erkunden.jpg\" alt=\"SONY DSC\" width=\"636\" height=\"357\" srcset=\"https:\/\/www.blu-venture.de\/site\/wp-content\/uploads\/2016\/03\/Stand-up-paddeling-Auf-den-SUPs-die-Buchten-erkunden.jpg 450w, https:\/\/www.blu-venture.de\/site\/wp-content\/uploads\/2016\/03\/Stand-up-paddeling-Auf-den-SUPs-die-Buchten-erkunden-300x169.jpg 300w\" sizes=\"auto, (max-width: 636px) 100vw, 636px\" \/>\u00a0 \u00a0\u00a0<img loading=\"lazy\" decoding=\"async\" class=\"alignnone wp-image-1916\" src=\"http:\/\/www.blu-venture.de\/site\/wp-content\/uploads\/2016\/03\/Radl_1-225x300.jpg\" alt=\"\" width=\"268\" height=\"358\" srcset=\"https:\/\/www.blu-venture.de\/site\/wp-content\/uploads\/2016\/03\/Radl_1-225x300.jpg 225w, https:\/\/www.blu-venture.de\/site\/wp-content\/uploads\/2016\/03\/Radl_1.jpg 450w\" sizes=\"auto, (max-width: 268px) 100vw, 268px\" \/>\u00a0 \u00a0\u00a0<img loading=\"lazy\" decoding=\"async\" class=\"alignnone wp-image-1919\" src=\"http:\/\/www.blu-venture.de\/site\/wp-content\/uploads\/2016\/03\/KitenundSegeln-1_Bildgr\u00f6\u00dfe-\u00e4ndern-300x200.jpg\" alt=\"\" width=\"454\" height=\"303\" srcset=\"https:\/\/www.blu-venture.de\/site\/wp-content\/uploads\/2016\/03\/KitenundSegeln-1_Bildgr\u00f6\u00dfe-\u00e4ndern-300x200.jpg 300w, https:\/\/www.blu-venture.de\/site\/wp-content\/uploads\/2016\/03\/KitenundSegeln-1_Bildgr\u00f6\u00dfe-\u00e4ndern-768x512.jpg 768w, https:\/\/www.blu-venture.de\/site\/wp-content\/uploads\/2016\/03\/KitenundSegeln-1_Bildgr\u00f6\u00dfe-\u00e4ndern.jpg 800w\" sizes=\"auto, (max-width: 454px) 100vw, 454px\" \/>\u00a0\u00a0\u00a0<img loading=\"lazy\" decoding=\"async\" class=\"alignnone wp-image-1920\" src=\"http:\/\/www.blu-venture.de\/site\/wp-content\/uploads\/2016\/03\/KitenundSegeln-6_Bildgr\u00f6\u00dfe-\u00e4ndern-300x200.jpg\" alt=\"\" width=\"455\" height=\"304\" srcset=\"https:\/\/www.blu-venture.de\/site\/wp-content\/uploads\/2016\/03\/KitenundSegeln-6_Bildgr\u00f6\u00dfe-\u00e4ndern-300x200.jpg 300w, https:\/\/www.blu-venture.de\/site\/wp-content\/uploads\/2016\/03\/KitenundSegeln-6_Bildgr\u00f6\u00dfe-\u00e4ndern-768x512.jpg 768w, https:\/\/www.blu-venture.de\/site\/wp-content\/uploads\/2016\/03\/KitenundSegeln-6_Bildgr\u00f6\u00dfe-\u00e4ndern.jpg 800w\" sizes=\"auto, (max-width: 455px) 100vw, 455px\" \/><\/p>\n","protected":false},"excerpt":{"rendered":"<p>Wassersportausr\u00fcstung an Bord: 50 PS Motorboot Wasserski Monoski Wakeskate Kniebord Boogie Board 2 x Kanus 2 x SUPs = Stand up Paddle Bords 2x Klappr\u00e4der f\u00fcr Landausfl\u00fcge 3 x Tauchausr\u00fcstung (Benutzung nur mit Tauchschein und gegen Geb\u00fchr) Kites &#8211; 7,5m\u00b2\/<\/p>\n","protected":false},"author":2,"featured_media":0,"parent":0,"menu_order":0,"comment_status":"closed","ping_status":"closed","template":"","meta":{"sfsi_plus_gutenberg_text_before_share":"","sfsi_plus_gutenberg_show_text_before_share":"","sfsi_plus_gutenberg_icon_type":"","sfsi_plus_gutenberg_icon_alignemt":"","sfsi_plus_gutenburg_max_per_row":"","footnotes":""},"class_list":["post-511","page","type-page","status-publish","hentry"],"_links":{"self":[{"href":"https:\/\/www.blu-venture.de\/index.php?rest_route=\/wp\/v2\/pages\/511","targetHints":{"allow":["GET"]}}],"collection":[{"href":"https:\/\/www.blu-venture.de\/index.php?rest_route=\/wp\/v2\/pages"}],"about":[{"href":"https:\/\/www.blu-venture.de\/index.php?rest_route=\/wp\/v2\/types\/page"}],"author":[{"embeddable":true,"href":"https:\/\/www.blu-venture.de\/index.php?rest_route=\/wp\/v2\/users\/2"}],"replies":[{"embeddable":true,"href":"https:\/\/www.blu-venture.de\/index.php?rest_route=%2Fwp%2Fv2%2Fcomments&post=511"}],"version-history":[{"count":29,"href":"https:\/\/www.blu-venture.de\/index.php?rest_route=\/wp\/v2\/pages\/511\/revisions"}],"predecessor-version":[{"id":3171,"href":"https:\/\/www.blu-venture.de\/index.php?rest_route=\/wp\/v2\/pages\/511\/revisions\/3171"}],"wp:attachment":[{"href":"https:\/\/www.blu-venture.de\/index.php?rest_route=%2Fwp%2Fv2%2Fmedia&parent=511"}],"curies":[{"name":"wp","href":"https:\/\/api.w.org\/{rel}","templated":true}]}}