{"id":504,"date":"2016-03-11T10:33:14","date_gmt":"2016-03-11T10:33:14","guid":{"rendered":"http:\/\/www.blu-venture.de\/site\/?page_id=504"},"modified":"2021-07-28T05:45:24","modified_gmt":"2021-07-28T05:45:24","slug":"reiseinfos-allgemein","status":"publish","type":"page","link":"https:\/\/www.blu-venture.de\/?page_id=504","title":{"rendered":"Allgemeine Reisehinweise"},"content":{"rendered":"<p><strong>Macht Euch von Euren Reiseunterlagen sowie weiteren pers\u00f6hnlichen Dokumenten<\/strong><br \/>\n<strong>Fotokopien und\/oder Fotos im Handy\/Tablet und ladet diese ggf. auch in eine Cloud.<\/strong><br \/>\n<strong>Damit habt Ihr dann immer und \u00fcberall Zugriff.<\/strong><\/p>\n<h5><a href=\"https:\/\/www.auswaertiges-amt.de\/de\/ReiseUndSicherheit\" target=\"_blank\" rel=\"noopener noreferrer\"><img loading=\"lazy\" decoding=\"async\" class=\"alignnone size-full wp-image-2785\" src=\"https:\/\/www.blu-venture.de\/site\/wp-content\/uploads\/2020\/05\/AA_Logo_Bildgr\u00f6\u00dfe-\u00e4ndern.jpg\" alt=\"\" width=\"299\" height=\"225\" \/><\/a><br \/>\n<strong>Reiseinformationen vom ausw\u00e4rtigen Amt<\/strong><\/h5>\n<p>Unter diesem <a href=\"https:\/\/www.auswaertiges-amt.de\/de\/ReiseUndSicherheit\" target=\"_blank\" rel=\"noopener noreferrer\">Link vom Ausw\u00e4rtigen Amt<\/a> der Bundesrepublik Deutschland findet Ihr immer aktuelle Informationen zu allen Themen rund ums Reisen ausserhalb Deutschalnds<br \/>\nLand und Leute &#8211; Gesundheit &#8211; Botschaften und Konsulate &#8211; Sicherheit beim Reisen und Reisewarnungen<\/p>\n<h5><img loading=\"lazy\" decoding=\"async\" class=\"alignnone size-full wp-image-2788\" src=\"https:\/\/www.blu-venture.de\/site\/wp-content\/uploads\/2020\/05\/REisepass_Bildgr\u00f6\u00dfe-\u00e4ndern.jpg\" alt=\"\" width=\"234\" height=\"225\" \/><br \/>\n<strong>Reisepass und Visum<\/strong><\/h5>\n<p>Mit einem deutschen Reisepass lassen sich aktuell (<a href=\"https:\/\/de.wikipedia.org\/wiki\/Deutscher_Reisepass\" target=\"_blank\" rel=\"noopener noreferrer\">Wikipedia 2020<\/a>) 188 L\u00e4nder visafrei bereisen. Sollte Euer Urlaubsland nicht dabei sein, so ist es i.d.R. ziemlich einfach ein Visum zu bekommen, jedoch kann dies aus organisatorischen Gr\u00fcnden auch mal 1-2 Monate dauern.<br \/>\n<strong>Sehr wichtig<\/strong>: Euer Reisepass muss noch mindestens 6 Monate \u00fcber das R\u00fcckreisedatum g\u00fcltig sein.<br \/>\n<strong>Ausserdem<\/strong> verlangen viele L\u00e4nder (USA, Australien, Kanada, Neuseeland &#8211; um nur einige zu nennen) inzwischen eine &#8220;elektronische Reiseerlaubnis&#8221;, die \u00fcber das Internet online beantragt werden kann. Dies funktioniert in den meissten F\u00e4llen innerhalb 1-2 Tagen, kostet eine geringe Geb\u00fchr und gilt dann oft f\u00fcr beliebige Ein\/Ausreisen innerhalb zwei Jahren.<br \/>\nBen\u00f6tigt wird diese &#8220;elektronische Reiseerlaubnis&#8221; auch wenn Ihr nur das Land zum Transit benutzt.<br \/>\nAm besten Ihr fragt Euer Reiseb\u00fcro und\/oder recherchiert selber im Internet f\u00fcr alle L\u00e4nder in denen Ihr auf der Reise einen Fuss auf die Erde setzt.<\/p>\n<h5><img loading=\"lazy\" decoding=\"async\" class=\"alignnone size-full wp-image-2790\" src=\"https:\/\/www.blu-venture.de\/site\/wp-content\/uploads\/2020\/05\/F\u00fchrerschein_Welt_Bildgr\u00f6\u00dfe-\u00e4ndern.png\" alt=\"\" width=\"235\" height=\"225\" \/><br \/>\n<strong>F\u00fchrerschein und sonstige Bef\u00e4higungsnachweise (Tauchen &#8230;?)<\/strong><\/h5>\n<p>In vielen L\u00e4ndern ist es super wenn man zum Land und Leute kennenlernen ein Auto mietet.<br \/>\nDazu ist in einigen L\u00e4ndern ein <strong>internationaler F\u00fchrerschein<\/strong> erforderlich, den Ihr <span class=\"ILfuVd NA6bn\"><span class=\"e24Kjd\">bei den Stra\u00dfenverkehrs\u00e4mtern (F\u00fchrerscheinstelle) am Wohnort beantragen k\u00f6nnt. Dazu ist ein aktuelles biometrisches Lichtbild und der F\u00fcherschein erforderlich. F\u00fcr welche L\u00e4nder dies zutrifft findet ihr z.B. auf der L\u00e4nderseite des Ausw\u00e4rtigen Amtes.<\/span><\/span><\/p>\n<p><strong>Tauchen und andere Sportarten<\/strong><br \/>\nNehmt alle Eure Bef\u00e4higungsnachweise\/Scheine\/Logb\u00fccher usw. mit damit diese ggf. bei den entsprechenden Veranstaltern\/Basen vorgelegt werden k\u00f6nnen. Dazu geh\u00f6rt eventuell auch ein aktueller Gesundheitscheck.<\/p>\n<h5><img loading=\"lazy\" decoding=\"async\" class=\"alignnone size-full wp-image-2787\" src=\"https:\/\/www.blu-venture.de\/site\/wp-content\/uploads\/2020\/05\/Impfpass_VAVA-U_Bildgr\u00f6\u00dfe-\u00e4ndern.jpg\" alt=\"\" width=\"167\" height=\"225\" \/><br \/>\n<strong>Impfpass &#8211; Medikamente &#8211; Gesundheitsnachweiss<\/strong><\/h5>\n<p>F\u00fcr einige L\u00e4nder, haupts\u00e4chlich in tropischen Gebieten sind Impfungen vorgeschrieben bzw. empfohlen.<br \/>\nInformationen dar\u00fcber findet Ihr auf den Seiten des <a href=\"https:\/\/tropeninstitut.de\/\" target=\"_blank\" rel=\"noopener noreferrer\">Tropeninstitut<\/a>, dem <a href=\"https:\/\/www.bundesgesundheitsministerium.de\/themen\/praevention\/impfungen.html\" target=\"_blank\" rel=\"noopener noreferrer\">Bundesgesundheits-Ministerium<\/a>, beim lokalen Gesundheitsamt, und befragt euren Hausarzt.<\/p>\n<p>F\u00fcr diejenigen unter Euch, die regelm\u00e4\u00dfig Medikamente einnehmen ist es wichtig, dass diese in ausreichender Menge mitgenommen werden. Ggf. ben\u00f6tigt Ihr dazu auch eine Bescheinigung vom Arzt, vorallem wenn es sich um verschreibungspflichtige Pr\u00e4perate handelt.<\/p>\n<h5><img loading=\"lazy\" decoding=\"async\" class=\"alignnone size-full wp-image-2789\" src=\"https:\/\/www.blu-venture.de\/site\/wp-content\/uploads\/2020\/05\/Geld_Bildgr\u00f6\u00dfe-\u00e4ndern.jpg\" alt=\"\" width=\"217\" height=\"225\" \/><br \/>\n<strong>Bargeld und Kreditkarten<\/strong><\/h5>\n<p>Bargeld &#8220;lacht&#8221; &#8211; es ist also nie verkehrt ein bisschen in kleinen Scheinen dabei zu haben.<br \/>\nAusser Euro sind auch immer ein paar hundert US-Dollar gut.<\/p>\n<p>Bargeld tauschen solltet Ihr in aller Regel immer erst im Reiseland und nicht schon zu Hause (US-Dollar ausgenommen), weil es im Land den besseren Kurs gibt. Nur soviel tauschen wie Ihr meint auch zu ben\u00f6tigen, denn der R\u00fccktausch ist oft sehr verlustreich, vorallem zu Hause.<\/p>\n<p>In den meisten L\u00e4ndern werden Kreditkarten zwar akzeptiert, jedoch ist eine Kreditkartenzahlung vielerorts wie auf M\u00e4rkten und in kleinen L\u00e4den und Lokalen nicht m\u00f6glich. Ob man auch mit Bankkarten wie MAESTRO bezahlen kann bzw. Bargeld am Automaten bekommt m\u00fcsst Ihr mit Eurer Bank abkl\u00e4ren.<\/p>\n<h5><img loading=\"lazy\" decoding=\"async\" class=\"alignnone size-full wp-image-2786\" src=\"https:\/\/www.blu-venture.de\/site\/wp-content\/uploads\/2020\/05\/Handy_Welt_Bildgr\u00f6\u00dfe-\u00e4ndern.png\" alt=\"\" width=\"235\" height=\"225\" \/><br \/>\n<strong>Telefon und Internet<\/strong><\/h5>\n<p>Heutztage kann man fast \u00fcberall weltweit mit dem Handy telefonieren. Ob Dein Provider im Urlaubsland Roamingabkommen mit dem lokalen Anbieter hat m\u00fcsst ihr erfragen. Auf jeden Fall werden zus\u00e4tzliche Geb\u00fchren (Roaming) f\u00e4llig, die nicht unerheblich sein k\u00f6nnen auch wenn man &#8220;nur&#8221; angerufen wird.<\/p>\n<p>Tipp: vor Ort im Urlaubsland eine lokale Prepaid-Karte besorgen. Die gibt es oft schon am Flughafen.<br \/>\nUm ggf. trotzdem weiterhin mit seiner eigenen Nummer erreichbar zu sein bietet sich die Mitnahme eines zweiten (alten) Handys an.<\/p>\n<p>Internet ist mittlerweile an vielen Stellen weltweit per W-LAN und sogenanten Hotspots verf\u00fcgbar.<br \/>\nDie meissten Hotels, Restaurants, Bars und andere \u00f6ffentliche Einrichtungen bieten diesen Dienst &#8211; wenn auch manchmal nur gegen Geb\u00fchr oder Verzehr.<\/p>\n<h4><img loading=\"lazy\" decoding=\"async\" class=\"alignnone size-medium wp-image-639\" src=\"https:\/\/www.blu-venture.de\/site\/wp-content\/uploads\/2016\/03\/Baden11-300x225.jpg\" alt=\"\" width=\"300\" height=\"225\" srcset=\"https:\/\/www.blu-venture.de\/site\/wp-content\/uploads\/2016\/03\/Baden11-300x225.jpg 300w, https:\/\/www.blu-venture.de\/site\/wp-content\/uploads\/2016\/03\/Baden11.jpg 450w\" sizes=\"auto, (max-width: 300px) 100vw, 300px\" \/><br \/>\n<strong>Mittel bei Seekrankheit<br \/>\n<\/strong><\/h4>\n<p>Manche Leute werden im Hafen oder einer Bucht, wenn das Schiff nur ein bisschen d\u00fcmpelt seekrank, andere erst, wenn es \u201erichtig\u201c zur Sache geht, also bei starkem Seegang. Viele erwischt es nie. Zum Trost f\u00fcr all diejenigen, die schon mal betroffen waren: meist gew\u00f6hnt man sich daran, vor allem auf l\u00e4ngeren Fahrten ist es nach ein paar Tagen \u00fcberstanden. Wer nach einem \u201eheftigen\u201c Tag auf See wieder festen Boden unter den F\u00fc\u00dfen hat, f\u00fcr den ist es meist schlagartig auch wieder vorbei und der n\u00e4chste Tag auf See ist dann schon nicht mehr so schlimm. Au\u00dferdem gibt es zur Vorbeugung verschiedenste hervorragende Mittel.<\/p>\n<p>Die nachfolgende Aufz\u00e4hlung stellt nur eine kleine Liste an m\u00f6glichen Mitteln dar. Einige haben Nebenwirkungen wie M\u00fcdigkeit. Der Zeitpunkt der Einnahme ist auch verschieden, manche m\u00fcssen vor Reiseantritt genommen werden andere erst, wenn die Seekrankheit einsetzt.<\/p>\n<p>&#8211; Zintona: Kapseln auf Ingwerbasis, die den Magen beruhigen sollen. Nebenwirkungen sind nicht bekannt.<\/p>\n<p>&#8211; Itinerol B6: Kapseln vom Schweizer Pharmahersteller VIFOR, die den Magen beruhigen sollen. Nebenwirkungen sind nicht bekannt.<\/p>\n<p>&#8211; DRAMAMIN: Tabletten erh\u00e4ltlich in der Apotheke, die mir von einem Arzt empfohlen wurden.<\/p>\n<p>&#8211; Ingwer: Die Wurzeln kann man roh kauen oder kleingeschnitten in warmem Wasser wie Tee ziehen lassen und dann in kleinen Mengen trinken. Ein 100%iges Naturprodukt, das bereits die alten Seefahrer nutzten.<\/p>\n<p>&#8211; Reisekrankheits-Pflaster (&#8220;SCOPODERM TTS&#8221;): Die Pflaster enthalten oft Atropin oder \u00e4hnliche Wirkstoffe, welche u.a. die Durchblutung des Innenohres f\u00f6rdern und dadurch gegen Seekrankheit wirken.<\/p>\n<p>&#8211; Druckband: Wird am Handgelenk getragen und \u00fcbt Druck auf einen Akkupressurpunkt aus. Haben viele Yachties und wird auch in Krankenh\u00e4usern in Aufwachr\u00e4umen eingesetzt.<\/p>\n<p>&#8211; Kaugummis gegen Reisekrankheit: Was da genau drin ist, kann ich nicht sagen (soll aber recht gut helfen, auch noch kurz vor dem &#8230;. jedenfalls habe ich das schon mal erlebt).<\/p>\n<p>Siehe auch <a href=\"https:\/\/www.pharmawiki.ch\/wiki\/index.php?wiki=Reisekrankheit\" target=\"_blank\" rel=\"noopener noreferrer\">PharmaWiki.ch zu Reisekrankheit (Seekrankheit)<\/a><\/p>\n","protected":false},"excerpt":{"rendered":"<p>Macht Euch von Euren Reiseunterlagen sowie weiteren pers\u00f6hnlichen Dokumenten Fotokopien und\/oder Fotos im Handy\/Tablet und ladet diese ggf. auch in eine Cloud. Damit habt Ihr dann immer und \u00fcberall Zugriff. Reiseinformationen vom ausw\u00e4rtigen Amt Unter diesem Link vom Ausw\u00e4rtigen Amt<\/p>\n","protected":false},"author":2,"featured_media":0,"parent":0,"menu_order":0,"comment_status":"closed","ping_status":"closed","template":"","meta":{"sfsi_plus_gutenberg_text_before_share":"","sfsi_plus_gutenberg_show_text_before_share":"","sfsi_plus_gutenberg_icon_type":"","sfsi_plus_gutenberg_icon_alignemt":"","sfsi_plus_gutenburg_max_per_row":"","footnotes":""},"class_list":["post-504","page","type-page","status-publish","hentry"],"_links":{"self":[{"href":"https:\/\/www.blu-venture.de\/index.php?rest_route=\/wp\/v2\/pages\/504","targetHints":{"allow":["GET"]}}],"collection":[{"href":"https:\/\/www.blu-venture.de\/index.php?rest_route=\/wp\/v2\/pages"}],"about":[{"href":"https:\/\/www.blu-venture.de\/index.php?rest_route=\/wp\/v2\/types\/page"}],"author":[{"embeddable":true,"href":"https:\/\/www.blu-venture.de\/index.php?rest_route=\/wp\/v2\/users\/2"}],"replies":[{"embeddable":true,"href":"https:\/\/www.blu-venture.de\/index.php?rest_route=%2Fwp%2Fv2%2Fcomments&post=504"}],"version-history":[{"count":40,"href":"https:\/\/www.blu-venture.de\/index.php?rest_route=\/wp\/v2\/pages\/504\/revisions"}],"predecessor-version":[{"id":3181,"href":"https:\/\/www.blu-venture.de\/index.php?rest_route=\/wp\/v2\/pages\/504\/revisions\/3181"}],"wp:attachment":[{"href":"https:\/\/www.blu-venture.de\/index.php?rest_route=%2Fwp%2Fv2%2Fmedia&parent=504"}],"curies":[{"name":"wp","href":"https:\/\/api.w.org\/{rel}","templated":true}]}}