{"id":495,"date":"2016-03-11T10:27:43","date_gmt":"2016-03-11T10:27:43","guid":{"rendered":"http:\/\/www.blu-venture.de\/site\/?page_id=495"},"modified":"2020-06-16T02:28:03","modified_gmt":"2020-06-16T02:28:03","slug":"segelurlaub-2","status":"publish","type":"page","link":"https:\/\/www.blu-venture.de\/?page_id=495","title":{"rendered":"Segelurlaub"},"content":{"rendered":"<h5><img loading=\"lazy\" decoding=\"async\" class=\"alignnone wp-image-132 \" src=\"http:\/\/www.blu-venture.de\/site\/wp-content\/uploads\/2016\/03\/IMG_2075.jpg\" width=\"453\" height=\"340\" srcset=\"https:\/\/www.blu-venture.de\/site\/wp-content\/uploads\/2016\/03\/IMG_2075.jpg 3264w, https:\/\/www.blu-venture.de\/site\/wp-content\/uploads\/2016\/03\/IMG_2075-300x225.jpg 300w, https:\/\/www.blu-venture.de\/site\/wp-content\/uploads\/2016\/03\/IMG_2075-768x576.jpg 768w, https:\/\/www.blu-venture.de\/site\/wp-content\/uploads\/2016\/03\/IMG_2075-1024x768.jpg 1024w\" sizes=\"auto, (max-width: 453px) 100vw, 453px\" \/> \u00a0 <img loading=\"lazy\" decoding=\"async\" class=\"alignnone wp-image-151\" src=\"http:\/\/www.blu-venture.de\/site\/wp-content\/uploads\/2016\/03\/IMG_6384.jpg\" alt=\"IMG_6384\" width=\"452\" height=\"245\" \/><\/h5>\n<h5>Urlaubst\u00f6rns &#8211; Segelurlaub &#8211; Inselhopping<\/h5>\n<p>Urlaubst\u00f6rns k\u00f6nnt ihr mit VAVA-U aktuell in der <a href=\"https:\/\/www.blu-venture.de\/?page_id=501\">S\u00fcdsee und im Pazifik<\/a> verbringen.<br \/>\nNach der <a href=\"http:\/\/www.blu-venture.de\/site\/?page_id=11\">Weltumsegelung,<\/a> die noch durch Indonesien und S\u00fcdafrika wieder bis in die <a href=\"http:\/\/blu-venture.de\/site\/?page_id=75\">Karibik<\/a> geht<br \/>\nsteht dann auch sicher wieder in <a href=\"https:\/\/www.blu-venture.de\/?page_id=73\">Griechenland<\/a> auf dem Programm<\/p>\n<p>Im aktuellen <a href=\"http:\/\/www.blu-venture.de\/site\/?page_id=29\">T\u00f6rnplan<\/a> seht ihr, wann sie wo stattfinden.<\/p>\n<p>Urlaubst\u00f6rns oder auch \u201eInsel-Buchten-Segeln\u201c sind T\u00f6rns zum Relaxen und Spa\u00df haben. Die Erholung steht im Vordergrund. Die T\u00f6rnroute ist offen und die Crew kann mitbestimmen wie sie verl\u00e4uft &#8211; wie lange und wo geankert wird, ob man essen geht oder selbst an Bord kocht, schnorchelt oder lieber baden geht, Wasserski f\u00e4hrt, mit einem der SUPs oder Kanus unterwegs ist oder lieber einen Landausflug unternimmt, all das bestimmt ihr.<br \/>\nUnter normalen Bedingungen wird pro Tag in der Regel drei bis vier Stunden gesegelt. Die restliche Zeit des Tages steht zur freien Verf\u00fcgung und wird zum Beispiel gerne f\u00fcr den <a href=\"http:\/\/www.blu-venture.de\/site\/?page_id=511\">Wassersport<\/a> genutzt.<\/p>\n<p>F\u00fcr allgemeine Informationen zu den T\u00f6rns sieh dir bitte die Rubriken unter <a href=\"http:\/\/www.blu-venture.de\/site\/?page_id=27\">&#8220;Reiseinfos&#8221;<\/a> an.<\/p>\n","protected":false},"excerpt":{"rendered":"<p>Mitsegeln auf Katamaran VAVA-U: Urlaubst\u00f6rns und Inselhopping<\/p>\n","protected":false},"author":2,"featured_media":679,"parent":0,"menu_order":0,"comment_status":"closed","ping_status":"closed","template":"","meta":{"sfsi_plus_gutenberg_text_before_share":"","sfsi_plus_gutenberg_show_text_before_share":"","sfsi_plus_gutenberg_icon_type":"","sfsi_plus_gutenberg_icon_alignemt":"","sfsi_plus_gutenburg_max_per_row":"","footnotes":""},"class_list":["post-495","page","type-page","status-publish","has-post-thumbnail","hentry"],"_links":{"self":[{"href":"https:\/\/www.blu-venture.de\/index.php?rest_route=\/wp\/v2\/pages\/495","targetHints":{"allow":["GET"]}}],"collection":[{"href":"https:\/\/www.blu-venture.de\/index.php?rest_route=\/wp\/v2\/pages"}],"about":[{"href":"https:\/\/www.blu-venture.de\/index.php?rest_route=\/wp\/v2\/types\/page"}],"author":[{"embeddable":true,"href":"https:\/\/www.blu-venture.de\/index.php?rest_route=\/wp\/v2\/users\/2"}],"replies":[{"embeddable":true,"href":"https:\/\/www.blu-venture.de\/index.php?rest_route=%2Fwp%2Fv2%2Fcomments&post=495"}],"version-history":[{"count":40,"href":"https:\/\/www.blu-venture.de\/index.php?rest_route=\/wp\/v2\/pages\/495\/revisions"}],"predecessor-version":[{"id":2971,"href":"https:\/\/www.blu-venture.de\/index.php?rest_route=\/wp\/v2\/pages\/495\/revisions\/2971"}],"wp:featuredmedia":[{"embeddable":true,"href":"https:\/\/www.blu-venture.de\/index.php?rest_route=\/wp\/v2\/media\/679"}],"wp:attachment":[{"href":"https:\/\/www.blu-venture.de\/index.php?rest_route=%2Fwp%2Fv2%2Fmedia&parent=495"}],"curies":[{"name":"wp","href":"https:\/\/api.w.org\/{rel}","templated":true}]}}