{"id":492,"date":"2016-03-11T10:25:07","date_gmt":"2016-03-11T10:25:07","guid":{"rendered":"http:\/\/www.blu-venture.de\/site\/?page_id=492"},"modified":"2020-06-15T05:37:08","modified_gmt":"2020-06-15T05:37:08","slug":"mitsegeln","status":"publish","type":"page","link":"https:\/\/www.blu-venture.de\/?page_id=492","title":{"rendered":"Mitsegeln"},"content":{"rendered":"<p><img loading=\"lazy\" decoding=\"async\" class=\"alignnone wp-image-154\" src=\"http:\/\/www.blu-venture.de\/site\/wp-content\/uploads\/2016\/03\/P1000183-e1457967767415.jpg\" alt=\"P1000183\" width=\"429\" height=\"291\" srcset=\"https:\/\/www.blu-venture.de\/site\/wp-content\/uploads\/2016\/03\/P1000183-e1457967767415.jpg 4584w, https:\/\/www.blu-venture.de\/site\/wp-content\/uploads\/2016\/03\/P1000183-e1457967767415-300x204.jpg 300w, https:\/\/www.blu-venture.de\/site\/wp-content\/uploads\/2016\/03\/P1000183-e1457967767415-768x521.jpg 768w, https:\/\/www.blu-venture.de\/site\/wp-content\/uploads\/2016\/03\/P1000183-e1457967767415-1024x695.jpg 1024w\" sizes=\"auto, (max-width: 429px) 100vw, 429px\" \/> \u00a0 <img loading=\"lazy\" decoding=\"async\" class=\"alignnone wp-image-122\" src=\"http:\/\/www.blu-venture.de\/site\/wp-content\/uploads\/2016\/03\/IMG_0618.jpg\" alt=\"IMG_0618\" width=\"433\" height=\"289\" srcset=\"https:\/\/www.blu-venture.de\/site\/wp-content\/uploads\/2016\/03\/IMG_0618.jpg 2362w, https:\/\/www.blu-venture.de\/site\/wp-content\/uploads\/2016\/03\/IMG_0618-300x200.jpg 300w, https:\/\/www.blu-venture.de\/site\/wp-content\/uploads\/2016\/03\/IMG_0618-768x512.jpg 768w, https:\/\/www.blu-venture.de\/site\/wp-content\/uploads\/2016\/03\/IMG_0618-1024x683.jpg 1024w\" sizes=\"auto, (max-width: 433px) 100vw, 433px\" \/><\/p>\n<p>VAVA-U bietet 4-5 G\u00e4sten viel Platz in zwei Doppel- und einer Einzelkabine.<br \/>\nDer 18x8m gro\u00dfe Katamaran verf\u00fcgt \u00fcber eine <a href=\"http:\/\/www.blu-venture.de\/site\/?page_id=49\">komfortable Ausstattung<\/a> und ein gro\u00dfes <a href=\"http:\/\/www.blu-venture.de\/site\/?page_id=511\">Inklusiv-Wassersportangebot<\/a>.<\/p>\n<p>Egal ob Segelneuling oder erfahrener Segler, Familien, Paare, Gruppen oder Alleinreisende &#8211; VAVA-U hei\u00dft alle Mitsegler herzlich willkommen.<\/p>\n<p>Kommt mit auf einen gem\u00fctlichen <a href=\"http:\/\/www.blu-venture.de\/site\/?page_id=495\">Urlaubst\u00f6rn<\/a>, bei dem wir die aktuell die S\u00fcdsee-Inselwelt des Pazifiks erkunden.<br \/>\nSegelerfahrung und Seemeilen k\u00f6nnt ihr bei einem <a href=\"http:\/\/www.blu-venture.de\/site\/?page_id=83\">Skippertraining<\/a> oder einem <a href=\"http:\/\/www.blu-venture.de\/site\/?page_id=372\">Seemeilent\u00f6rn<\/a> sammeln.<\/p>\n<p>Schaut euch im <a href=\"http:\/\/www.blu-venture.de\/site\/?page_id=45\" target=\"_blank\" rel=\"noopener noreferrer\">T\u00f6rnblog<\/a> an, was VAVA-U schon alles in French Polynesien, Griechenland, der Karibik, oder die Ostk\u00fcste der USA erlebt hat<br \/>\nund wie es bei der <a href=\"http:\/\/www.blu-venture.de\/site\/?page_id=11\">Weltumsegelung<\/a> weitergeht!<\/p>\n<p>Skipper Martin freut sich, euch bald an Bord zu begr\u00fc\u00dfen.<\/p>\n","protected":false},"excerpt":{"rendered":"<p>\u00a0 VAVA-U bietet 4-5 G\u00e4sten viel Platz in zwei Doppel- und einer Einzelkabine. Der 18x8m gro\u00dfe Katamaran verf\u00fcgt \u00fcber eine komfortable Ausstattung und ein gro\u00dfes Inklusiv-Wassersportangebot. Egal ob Segelneuling oder erfahrener Segler, Familien, Paare, Gruppen oder Alleinreisende &#8211; VAVA-U hei\u00dft<\/p>\n","protected":false},"author":2,"featured_media":0,"parent":0,"menu_order":0,"comment_status":"closed","ping_status":"closed","template":"","meta":{"sfsi_plus_gutenberg_text_before_share":"","sfsi_plus_gutenberg_show_text_before_share":"","sfsi_plus_gutenberg_icon_type":"","sfsi_plus_gutenberg_icon_alignemt":"","sfsi_plus_gutenburg_max_per_row":"","footnotes":""},"class_list":["post-492","page","type-page","status-publish","hentry"],"_links":{"self":[{"href":"https:\/\/www.blu-venture.de\/index.php?rest_route=\/wp\/v2\/pages\/492","targetHints":{"allow":["GET"]}}],"collection":[{"href":"https:\/\/www.blu-venture.de\/index.php?rest_route=\/wp\/v2\/pages"}],"about":[{"href":"https:\/\/www.blu-venture.de\/index.php?rest_route=\/wp\/v2\/types\/page"}],"author":[{"embeddable":true,"href":"https:\/\/www.blu-venture.de\/index.php?rest_route=\/wp\/v2\/users\/2"}],"replies":[{"embeddable":true,"href":"https:\/\/www.blu-venture.de\/index.php?rest_route=%2Fwp%2Fv2%2Fcomments&post=492"}],"version-history":[{"count":21,"href":"https:\/\/www.blu-venture.de\/index.php?rest_route=\/wp\/v2\/pages\/492\/revisions"}],"predecessor-version":[{"id":2954,"href":"https:\/\/www.blu-venture.de\/index.php?rest_route=\/wp\/v2\/pages\/492\/revisions\/2954"}],"wp:attachment":[{"href":"https:\/\/www.blu-venture.de\/index.php?rest_route=%2Fwp%2Fv2%2Fmedia&parent=492"}],"curies":[{"name":"wp","href":"https:\/\/api.w.org\/{rel}","templated":true}]}}