{"id":49,"date":"2016-03-09T13:25:15","date_gmt":"2016-03-09T13:25:15","guid":{"rendered":"http:\/\/www.blu-venture.de\/site\/?page_id=49"},"modified":"2020-06-15T03:57:14","modified_gmt":"2020-06-15T03:57:14","slug":"schiff","status":"publish","type":"page","link":"https:\/\/www.blu-venture.de\/?page_id=49","title":{"rendered":"Der Hochseekatamaran VAVA-U"},"content":{"rendered":"<p><img loading=\"lazy\" decoding=\"async\" class=\"alignnone wp-image-121\" src=\"http:\/\/www.blu-venture.de\/site\/wp-content\/uploads\/2016\/03\/IMG_0563-e1457968044577.jpg\" alt=\"IMG_0563\" width=\"299\" height=\"399\" srcset=\"https:\/\/www.blu-venture.de\/site\/wp-content\/uploads\/2016\/03\/IMG_0563-e1457968044577.jpg 3460w, https:\/\/www.blu-venture.de\/site\/wp-content\/uploads\/2016\/03\/IMG_0563-e1457968044577-225x300.jpg 225w, https:\/\/www.blu-venture.de\/site\/wp-content\/uploads\/2016\/03\/IMG_0563-e1457968044577-768x1024.jpg 768w\" sizes=\"auto, (max-width: 299px) 100vw, 299px\" \/>\u00a0\u00a0<img loading=\"lazy\" decoding=\"async\" class=\"alignnone wp-image-124\" src=\"http:\/\/www.blu-venture.de\/site\/wp-content\/uploads\/2016\/03\/IMG_0661-300x200.jpg\" alt=\"IMG_0661\" width=\"597\" height=\"398\" srcset=\"https:\/\/www.blu-venture.de\/site\/wp-content\/uploads\/2016\/03\/IMG_0661-300x200.jpg 300w, https:\/\/www.blu-venture.de\/site\/wp-content\/uploads\/2016\/03\/IMG_0661-768x512.jpg 768w, https:\/\/www.blu-venture.de\/site\/wp-content\/uploads\/2016\/03\/IMG_0661-1024x683.jpg 1024w\" sizes=\"auto, (max-width: 597px) 100vw, 597px\" \/><\/p>\n<p><img loading=\"lazy\" decoding=\"async\" class=\"wp-image-2588 aligncenter\" src=\"http:\/\/www.blu-venture.de\/site\/wp-content\/uploads\/2019\/01\/190126.Grundriss-300x212.jpg\" alt=\"\" width=\"582\" height=\"411\" srcset=\"https:\/\/www.blu-venture.de\/site\/wp-content\/uploads\/2019\/01\/190126.Grundriss-300x212.jpg 300w, https:\/\/www.blu-venture.de\/site\/wp-content\/uploads\/2019\/01\/190126.Grundriss-768x543.jpg 768w, https:\/\/www.blu-venture.de\/site\/wp-content\/uploads\/2019\/01\/190126.Grundriss-1024x724.jpg 1024w\" sizes=\"auto, (max-width: 582px) 100vw, 582px\" \/><br \/>\nIm Bug befinden sich die Eignerkabine (STB) sowie eine G\u00e4stekabine (BB) mit Doppelbett und einem Einzelbett (Belegung der Bugkabinen mit drei Personen nur nach Absprache mit allen T\u00f6rnteilnehmern bzw. bei Komplettbuchung des Schiffs). Das Doppelbett der G\u00e4ste-Achterkabine (BB) kann in zwei Einzelbetten getrennt werden. Auf der Steuerbordseite gibt es eine weitere Einzelkabine, die auch nur nach Absprache belegt wird. Im Regelfall sind also neben dem Skipper und ggf. einem Koch\/Hostess nur vier G\u00e4ste an Bord.<br \/>\nAlle Kabinen haben zwei gro\u00dfe Luken mit M\u00fcckenschutznetzen die f\u00fcr viel Licht und Frischluft sorgen. Schr\u00e4nke mit Kleiderb\u00fcgeln und F\u00e4chern, sowie Regale und Ablagefl\u00e4chen, bieten ausreichend Stauraum f\u00fcr pers\u00f6nliche Sachen.<br \/>\nAn Deck bietet ein 3 x 6 m gro\u00dfes Trampolin Sonnenliegefl\u00e4che und im gro\u00dfz\u00fcgigen Cockpitbereich mit gepolsterten Sitz-\/Liegefl\u00e4chen finden sich immer gem\u00fctliche Schattenpl\u00e4tze.<br \/>\nAllen G\u00e4sten stehen gemeinsam zwei elektrische Toiletten und zwei ger\u00e4umige, helle Badezimmer mit Waschtisch und seperater Duschkabine zur Verf\u00fcgung.<br \/>\nIm Br\u00fcckendeck befindet sich die Navigation, der Salon mit runder Sitzecke, sowie die vollausgestattete Pantry (K\u00fcche) mit Bar und Kaffeestation.<\/p>\n<p>Weitere Fotos von VAVA-U findet ihr in der <a href=\"http:\/\/www.blu-venture.de\/site\/?page_id=53\">Fotogalerie<\/a>.<\/p>\n<p><strong>Gr\u00f6\u00dfe<\/strong><\/p>\n<p>L\u00e4nge: 17,75m<br \/>\nBreite: 8,60m<br \/>\nTiefgang: 1,40<br \/>\nStehh\u00f6he: 2,00m<br \/>\nSegelfl\u00e4che: 175m\u00b2 (AW)<\/p>\n<p><strong>Pantry<\/strong><\/p>\n<ul>\n<li>K\u00fchlschrank 210l &amp; Gefrierschrank 75l<\/li>\n<li>Kaffeevollautomat, Siemens<\/li>\n<li>Kochfeld und Backofen (Gas)<\/li>\n<li>Externer Holzkohlegrill am Heck<\/li>\n<li>Sp\u00fclmaschine, WW\/KW-Wasser<\/li>\n<li>Geschirr, T\u00f6pfe &amp; Pfannen f\u00fcr 10 Pers.<\/li>\n<\/ul>\n<p><strong>Wassersport<br \/>\n<\/strong><\/p>\n<ul>\n<li>Kniebord<\/li>\n<li>Wasserski<\/li>\n<li>Wakeskate<\/li>\n<li>2x StandUpPaddel-Bords<\/li>\n<li>2x Seekanus (ein-Mann)<\/li>\n<li>Dinghy, max. drei Personen, AB 2,5 PS<\/li>\n<li>Beiboot, max 8 Personen, AB 50 PS<\/li>\n<li>3x Tauchausr\u00fcstung mit Kompressor 300 bar<\/li>\n<li>Angelausr\u00fcstung<\/li>\n<\/ul>\n<p><strong>Sonstiges<\/strong><\/p>\n<ul>\n<li>Sonnensegel<\/li>\n<li>Windschutzplanen, NEU 2020<\/li>\n<li>DVD-Player, CD-Autoradio mit AUX<\/li>\n<li>Cockpittisch, Decksluken, Cockpitsitpolster<\/li>\n<li>WW\/KW-Druckwasseranlage, 2x Deckdusche<\/li>\n<li>24V und 230V Bordnetz<\/li>\n<li>Waschmaschine, Toplader<\/li>\n<li>Badeleiter, Gangway<\/li>\n<li>F\u00e4kalientank 2 x 210 Liter<\/li>\n<li>Fender, Festmacher, ausreichend<\/li>\n<\/ul>\n<p><strong>Segel<\/strong><\/p>\n<ul>\n<li>Roll-Genua, 75m\u00b2, NEU 2020<\/li>\n<li>Roll-Fock, 35m\u00b2<\/li>\n<li>Spinacker, 220m\u00b2, NEU 2015<\/li>\n<li>Spinacker, 190m\u00b2, NEU 2016<\/li>\n<li>Lattengrosssegel mit 3 Reffs, 100m\u00b2, NEU 2014<\/li>\n<li>Sturmfock<\/li>\n<li>Winschen: 4x selbstholende Andersen Gr. 53<br \/>\n3x elektrische 24V MSM Gr. 58, NEU 2018<\/li>\n<li>Schoten und Fallen teilweise in Dynema<\/li>\n<\/ul>\n<p><strong>Technik<\/strong><\/p>\n<ul>\n<li>Doppelfahrstand und Einhebelschaltung<\/li>\n<li>Motor Yanmar-Saildrive 2x 75PS Turbo-Diesel, NEU 2020<\/li>\n<li>Diesel-Tankvolumen 2x 750l<\/li>\n<li>Wassermacher 150l\/Stunde 230V<\/li>\n<li>Frischwassertanks 2x 1200l<\/li>\n<li>230 V Steckdosen unter Deck<\/li>\n<li>Batterieladeger\u00e4t<\/li>\n<li>Landanschluss 230 Volt<\/li>\n<li>Bord-Batterien 480 Ah Silicium-Ionen, NEU 2016<\/li>\n<li>Motor-Batterie 2x 105 Ah, NEU 2016<\/li>\n<li>Lade\/Wechselrichter Victron 5KW<\/li>\n<li>Solar Panels 720 W<\/li>\n<li>Generator 7,5 KVA Fischer Panda, NEU 2020<\/li>\n<li>Standheizung Webasto 9KW, NEU 2016<\/li>\n<li>Bug-Ankerwinde, elektrisch 24V, NEU 2018<\/li>\n<li>2x Delta-Ankern 40 Kg, 2 x Danforth 12 und 35 Kg<\/li>\n<li>150m 12-er Kette, NEU 2015<\/li>\n<li>Werkzeuge und Ersatzteile, \u00fcberdurchschnittlich<\/li>\n<\/ul>\n<p><strong>Navigation<\/strong><\/p>\n<ul>\n<li>SSB-Funk (Kurzwelle)<\/li>\n<li>UKW-Funk, I-Com 601<\/li>\n<li>UKW-Handfunkger\u00e4te 2x, ENTEL (Seenot) und 2x I-Com<\/li>\n<li>GPS 2x, Furuno GP32<\/li>\n<li>Steuerkompass 2x<\/li>\n<li>Lot+Log 2x, Raymarine ST60<\/li>\n<li>Depth 2x, Raymarine St60<\/li>\n<li>Wind 2x, Raymarine ST60<\/li>\n<li>Mulitanzeige B&amp;G<\/li>\n<li>Navtex- Empf\u00e4nger<\/li>\n<li>Autopilot Simrad AP25 und 2x AP25,<\/li>\n<li>Radar Furuno 1832, 36 sm<\/li>\n<li>Chart plotter Max Sea und SeaClear, PC Acer Aspire und ASUS-PC<\/li>\n<li>AIS-Sender und Empf\u00e4nger, Class B<\/li>\n<li>Bord-PC Siemens mit 19&#8243; Bildschirm<\/li>\n<\/ul>\n<p><strong>Sicherheit<\/strong><\/p>\n<ul>\n<li>Seenotsignale<\/li>\n<li>E-Pirb- und AIS-SART- Boje (Schiff)<\/li>\n<li>AIS-Personen-Boje easyOne-2x, NEU 2015<\/li>\n<li>SAT-Telefon Iridium<\/li>\n<li>8x Feuerl\u00f6scher<\/li>\n<li>Navigationslichter<\/li>\n<li>Nebelhorn<\/li>\n<li>Radarreflektoren<\/li>\n<li>Lifewesten mit Spritzschutzhaube, Lifebelts und Lifeleinen<\/li>\n<li>Rettungsinsel Trans Ocean, Baujahr 2015<\/li>\n<li>Rettungsinsel Bombard 10 Pers. Offshore, Baujahr 2010<\/li>\n<li>4x Rettungsring, Wurfleine und Rettungskragen<\/li>\n<li>Seereling<\/li>\n<li>Signalhorn<\/li>\n<li>Suchscheinwerfer, Taschenlampen, Stirnlampen, Deckslichter<\/li>\n<li>Beiboot Mercury420 Hardbottom mit AB Mercury 50 PS\/4Takt, NEU 2015<\/li>\n<li>Beiboot Seatec mit AB Honda 2PS\/4Takt<\/li>\n<li>zugelassen f\u00fcr Seegebiet A1 (weltweit)<\/li>\n<\/ul>\n<h6><strong>Daten<\/strong><\/h6>\n<p>Eigner: blu:venture e.K. M.Ranft, M\u00fcnchen<br \/>\nBauwerft: Perret&amp;Berthomier<br \/>\nBaujahr: 2004<br \/>\nHEimathafen: Valetta<br \/>\nFlagge: Malta<br \/>\nSchiffsregsiter: 14373<br \/>\nZulassung: Gem\u00e4\u00df TM-Commercial- Yacht-Code von Malta aus dem Jahr 2010 f\u00fcr das Seegebiet A1<br \/>\nMMSI-Nr: 229408000<br \/>\nCall-Sign: 9HB3169<br \/>\nGewicht: 17.000 Kg<br \/>\nVerdr\u00e4ngung: 28 To<br \/>\nRumpfmaterial: Aluminium<br \/>\nRigg: Kuttertakelung<\/p>\n","protected":false},"excerpt":{"rendered":"<p>\u00a0\u00a0 Im Bug befinden sich die Eignerkabine (STB) sowie eine G\u00e4stekabine (BB) mit Doppelbett und einem Einzelbett (Belegung der Bugkabinen mit drei Personen nur nach Absprache mit allen T\u00f6rnteilnehmern bzw. bei Komplettbuchung des Schiffs). Das Doppelbett der G\u00e4ste-Achterkabine (BB) kann<\/p>\n","protected":false},"author":2,"featured_media":0,"parent":0,"menu_order":0,"comment_status":"closed","ping_status":"closed","template":"","meta":{"sfsi_plus_gutenberg_text_before_share":"","sfsi_plus_gutenberg_show_text_before_share":"","sfsi_plus_gutenberg_icon_type":"","sfsi_plus_gutenberg_icon_alignemt":"","sfsi_plus_gutenburg_max_per_row":"","footnotes":""},"class_list":["post-49","page","type-page","status-publish","hentry"],"_links":{"self":[{"href":"https:\/\/www.blu-venture.de\/index.php?rest_route=\/wp\/v2\/pages\/49","targetHints":{"allow":["GET"]}}],"collection":[{"href":"https:\/\/www.blu-venture.de\/index.php?rest_route=\/wp\/v2\/pages"}],"about":[{"href":"https:\/\/www.blu-venture.de\/index.php?rest_route=\/wp\/v2\/types\/page"}],"author":[{"embeddable":true,"href":"https:\/\/www.blu-venture.de\/index.php?rest_route=\/wp\/v2\/users\/2"}],"replies":[{"embeddable":true,"href":"https:\/\/www.blu-venture.de\/index.php?rest_route=%2Fwp%2Fv2%2Fcomments&post=49"}],"version-history":[{"count":33,"href":"https:\/\/www.blu-venture.de\/index.php?rest_route=\/wp\/v2\/pages\/49\/revisions"}],"predecessor-version":[{"id":2937,"href":"https:\/\/www.blu-venture.de\/index.php?rest_route=\/wp\/v2\/pages\/49\/revisions\/2937"}],"wp:attachment":[{"href":"https:\/\/www.blu-venture.de\/index.php?rest_route=%2Fwp%2Fv2%2Fmedia&parent=49"}],"curies":[{"name":"wp","href":"https:\/\/api.w.org\/{rel}","templated":true}]}}