{"id":47,"date":"2016-03-09T13:24:54","date_gmt":"2016-03-09T13:24:54","guid":{"rendered":"http:\/\/www.blu-venture.de\/site\/?page_id=47"},"modified":"2021-07-28T05:54:10","modified_gmt":"2021-07-28T05:54:10","slug":"skipper","status":"publish","type":"page","link":"https:\/\/www.blu-venture.de\/?page_id=47","title":{"rendered":"Skipper Martin"},"content":{"rendered":"<p><img loading=\"lazy\" decoding=\"async\" class=\"alignnone wp-image-697\" src=\"http:\/\/www.blu-venture.de\/site\/wp-content\/uploads\/2016\/03\/Korinth-Kanal_1130867.jpg\" alt=\"Korinth-Kanal_1130867\" width=\"453\" height=\"255\" srcset=\"https:\/\/www.blu-venture.de\/site\/wp-content\/uploads\/2016\/03\/Korinth-Kanal_1130867.jpg 3712w, https:\/\/www.blu-venture.de\/site\/wp-content\/uploads\/2016\/03\/Korinth-Kanal_1130867-300x169.jpg 300w, https:\/\/www.blu-venture.de\/site\/wp-content\/uploads\/2016\/03\/Korinth-Kanal_1130867-768x432.jpg 768w, https:\/\/www.blu-venture.de\/site\/wp-content\/uploads\/2016\/03\/Korinth-Kanal_1130867-1024x576.jpg 1024w\" sizes=\"auto, (max-width: 453px) 100vw, 453px\" \/>&nbsp; <img loading=\"lazy\" decoding=\"async\" class=\"alignnone wp-image-694\" src=\"http:\/\/www.blu-venture.de\/site\/wp-content\/uploads\/2016\/03\/DSC03913.jpg\" alt=\"SONY DSC\" width=\"453\" height=\"255\" srcset=\"https:\/\/www.blu-venture.de\/site\/wp-content\/uploads\/2016\/03\/DSC03913.jpg 3872w, https:\/\/www.blu-venture.de\/site\/wp-content\/uploads\/2016\/03\/DSC03913-300x169.jpg 300w, https:\/\/www.blu-venture.de\/site\/wp-content\/uploads\/2016\/03\/DSC03913-768x432.jpg 768w, https:\/\/www.blu-venture.de\/site\/wp-content\/uploads\/2016\/03\/DSC03913-1024x575.jpg 1024w\" sizes=\"auto, (max-width: 453px) 100vw, 453px\" \/><\/p>\n<p><strong>Martin<\/strong> ist 1958 geboren und hat schon mehr als 220.000 Seemeilen gemacht. Da liegt es nahe, dass er die meiste Zeit am, im und zuletzt vor allem auf dem Wasser verbracht hat.<br \/>\n&#8220;Wenn ich einmal gro\u00df bin, werde ich Kapit\u00e4n und hole Dich mit meinem Schiff ab!\u201c, k\u00fcndigte er bereits als Kindergartenjunge seiner Freundin Sabine an. Bis zum eigenen Schiff hat es aber noch eine Weile gedauert.<\/p>\n<p>Erste nautische Erfahrungen sammelte Martin auf seinem Surfbrett. Aber das war ihm nicht genug. An der TU Berlin machte er schon bald den Jollen-Schein. Die steile Seemannskarriere ging weiter und ehe sich Martin versah, lie\u00df er die DDR hinter sich und segelte mit der nicht ganz pflegeleichten <a href=\"http:\/\/blu-kat.de\/blukat.htm\" target=\"_blank\" rel=\"noopener noreferrer\">\u201eJenny\u201c<\/a>, einem ehemaligen alten Holz- und Ziegenfrachter, durch das Mittelmeer.<\/p>\n<p>Dann wurde es Zeit, alles Gelernte an andere Segelverr\u00fcckte weiterzugeben. Das Gew\u00e4sser wurde kleiner und k\u00e4lter. Am Starnberger See unterrichtete er als DSV-Segellehrer und war aktiver Teilhaber der Segelschule \u201eJOJO\u201c. Er bildete in dieser Zeit f\u00fcr die Segelscheine BR, BK und C aus und nahm f\u00fcr den DSV die Pr\u00fcfungen ab. Aus dieser Zeit hat Martin auch noch die DSV-Segellehrerlizenz A und B.<\/p>\n<p>Doch schon bald zog es ihn wieder ganz an das warme Mittelmeer. Sieben Jahre lang betrieb er als Eigent\u00fcmer die Wassersportstation eines 5-Sterne-Hotels auf Kreta.<br \/>\nAber an Land wurde Martin schnell unruhig. Daher begann er 2004 mit dem Bau von \u201eblu:kat\u201c. Mit den eigenen H\u00e4nden und viel eigenem Schwei\u00df baute er den Hochseekatamaran aus Aluminium in Knickspantbauweise. 2009 lief der 19 mal 8 Meter gro\u00dfe Katamaran auf Kreta vom Stapel.<br \/>\n<a href=\"http:\/\/www.blu-kat.de\/blukat\/bautagebuch.htm\" target=\"_blank\" rel=\"noopener noreferrer\">Seht euch das Bautagebuch von blu:kat an<\/a>.<\/p>\n<p>Heute blickt Martin auf Segelerfahrungen in vielen Segelrevieren, wie den griechischen Inseln, Pazifik, Nord- und Ostsee, Karibik sowie den Azoren und Kanaren bei seinen Atlantik\u00fcberquerungen zur\u00fcck und das Mittelmeer kann ihn nicht mehr halten.<br \/>\nMit seinem neuen Hochseekatamaran der \u201eVAVA-U\u201c (18m x 8,6m) segelt er seit Fr\u00fchjahr 2016 <a href=\"https:\/\/www.blu-venture.de\/?page_id=2641\">auf Kurs West um die Welt<\/a>. Vielleicht willst du ihn ja auf einem Teil der Strecke unter dem Motto &#8220;Mit dem Wind um die Welt&#8221; begleiten?<\/p>\n<p><img loading=\"lazy\" decoding=\"async\" class=\"alignnone wp-image-699\" src=\"http:\/\/www.blu-venture.de\/site\/wp-content\/uploads\/2016\/03\/Martin-dinghy.jpg\" alt=\"Martin-dinghy\" width=\"449\" height=\"300\" srcset=\"https:\/\/www.blu-venture.de\/site\/wp-content\/uploads\/2016\/03\/Martin-dinghy.jpg 3888w, https:\/\/www.blu-venture.de\/site\/wp-content\/uploads\/2016\/03\/Martin-dinghy-300x200.jpg 300w, https:\/\/www.blu-venture.de\/site\/wp-content\/uploads\/2016\/03\/Martin-dinghy-768x512.jpg 768w, https:\/\/www.blu-venture.de\/site\/wp-content\/uploads\/2016\/03\/Martin-dinghy-1024x683.jpg 1024w\" sizes=\"auto, (max-width: 449px) 100vw, 449px\" \/>&nbsp; <img loading=\"lazy\" decoding=\"async\" class=\"alignnone wp-image-696 \" src=\"http:\/\/www.blu-venture.de\/site\/wp-content\/uploads\/2016\/03\/IMG_20150607_195101-e1458472895537.jpg\" alt=\"\" width=\"456\" height=\"298\" srcset=\"https:\/\/www.blu-venture.de\/site\/wp-content\/uploads\/2016\/03\/IMG_20150607_195101-e1458472895537.jpg 4149w, https:\/\/www.blu-venture.de\/site\/wp-content\/uploads\/2016\/03\/IMG_20150607_195101-e1458472895537-300x196.jpg 300w, https:\/\/www.blu-venture.de\/site\/wp-content\/uploads\/2016\/03\/IMG_20150607_195101-e1458472895537-768x502.jpg 768w, https:\/\/www.blu-venture.de\/site\/wp-content\/uploads\/2016\/03\/IMG_20150607_195101-e1458472895537-1024x670.jpg 1024w\" sizes=\"auto, (max-width: 456px) 100vw, 456px\" \/><\/p>\n<h5>Bef\u00e4higungsnachweise und Segelscheine von Skipper Martin als <a href=\"http:\/\/www.blu-venture.de\/site\/wp-content\/uploads\/2016\/03\/befaehigungsnachweise_segel.pdf\" target=\"_blank\" rel=\"noopener noreferrer\">PDF<\/a><\/h5>\n<ul>\n<li>DLRG-Leistungsabzeichen 1977<\/li>\n<li>Windsurfing Grundschein des VDWS von 1980<\/li>\n<li>Berliner Segelbootf\u00fchrerschein von 1981<\/li>\n<li>Sportbootf\u00fchrerschein See von 1983<\/li>\n<li>Sporthochseeschiffer-Zeugnis von1986<\/li>\n<li>DSV-BR-Schein von 1988<\/li>\n<li>Allgemeines Sprechfunkzeugnis Seefunk von 1988<\/li>\n<li>DSV-BK-Schein von1989<\/li>\n<li>Pr\u00fcferlaubnis BR von 1989<\/li>\n<li>Pr\u00fcferlaubnis A und BR von 1991<\/li>\n<li>Segellehrerlizenz A des DSV von 1991<\/li>\n<li>Segellehrerlizenz B des DSV von 1991<\/li>\n<li>DSV-Teilnahmebescheinigung Navigationsseminar von 1991<\/li>\n<li>DSV-Teilnahmebescheinigung \u201ePyro\u201c-Seminar von 1991<\/li>\n<li>Sportseeschiffer-Schein von 1993<\/li>\n<li>Sporthochseeschiffer-Schein von 1993<\/li>\n<li>Fach\u00fcbungsleiter Wasserski des DSB von 1995<\/li>\n<li>Wassersportlehrerlizenz von Eurosurf&amp;Sail von 1996<\/li>\n<li>griechische Surflehrerlizenz Kategorie G von 1996<\/li>\n<li>griechische Wasserskilehrerlizenz Kategorie G von 1996<\/li>\n<li>Surflehrer C-Lizenz des V\u00d6WS von 1997<\/li>\n<li>Betriebszeugnis f\u00fcr Funker I (UKW-Seefunk) von 1999<\/li>\n<\/ul>\n<h6><img loading=\"lazy\" decoding=\"async\" class=\"alignnone wp-image-449 \" src=\"http:\/\/www.blu-venture.de\/site\/wp-content\/uploads\/2016\/03\/DSCN1770-e1458473192170.jpg\" alt=\"\" width=\"655\" height=\"483\" srcset=\"https:\/\/www.blu-venture.de\/site\/wp-content\/uploads\/2016\/03\/DSCN1770-e1458473192170.jpg 3770w, https:\/\/www.blu-venture.de\/site\/wp-content\/uploads\/2016\/03\/DSCN1770-e1458473192170-300x221.jpg 300w, https:\/\/www.blu-venture.de\/site\/wp-content\/uploads\/2016\/03\/DSCN1770-e1458473192170-768x566.jpg 768w, https:\/\/www.blu-venture.de\/site\/wp-content\/uploads\/2016\/03\/DSCN1770-e1458473192170-1024x755.jpg 1024w\" sizes=\"auto, (max-width: 655px) 100vw, 655px\" \/><\/h6>\n","protected":false},"excerpt":{"rendered":"<p>&nbsp; Martin ist 1958 geboren und hat schon mehr als 220.000 Seemeilen gemacht. Da liegt es nahe, dass er die meiste Zeit am, im und zuletzt vor allem auf dem Wasser verbracht hat. &#8220;Wenn ich einmal gro\u00df bin, werde ich<\/p>\n","protected":false},"author":2,"featured_media":0,"parent":0,"menu_order":0,"comment_status":"closed","ping_status":"closed","template":"","meta":{"sfsi_plus_gutenberg_text_before_share":"","sfsi_plus_gutenberg_show_text_before_share":"","sfsi_plus_gutenberg_icon_type":"","sfsi_plus_gutenberg_icon_alignemt":"","sfsi_plus_gutenburg_max_per_row":"","footnotes":""},"class_list":["post-47","page","type-page","status-publish","hentry"],"_links":{"self":[{"href":"https:\/\/www.blu-venture.de\/index.php?rest_route=\/wp\/v2\/pages\/47","targetHints":{"allow":["GET"]}}],"collection":[{"href":"https:\/\/www.blu-venture.de\/index.php?rest_route=\/wp\/v2\/pages"}],"about":[{"href":"https:\/\/www.blu-venture.de\/index.php?rest_route=\/wp\/v2\/types\/page"}],"author":[{"embeddable":true,"href":"https:\/\/www.blu-venture.de\/index.php?rest_route=\/wp\/v2\/users\/2"}],"replies":[{"embeddable":true,"href":"https:\/\/www.blu-venture.de\/index.php?rest_route=%2Fwp%2Fv2%2Fcomments&post=47"}],"version-history":[{"count":16,"href":"https:\/\/www.blu-venture.de\/index.php?rest_route=\/wp\/v2\/pages\/47\/revisions"}],"predecessor-version":[{"id":3185,"href":"https:\/\/www.blu-venture.de\/index.php?rest_route=\/wp\/v2\/pages\/47\/revisions\/3185"}],"wp:attachment":[{"href":"https:\/\/www.blu-venture.de\/index.php?rest_route=%2Fwp%2Fv2%2Fmedia&parent=47"}],"curies":[{"name":"wp","href":"https:\/\/api.w.org\/{rel}","templated":true}]}}