{"id":45,"date":"2016-03-09T13:23:37","date_gmt":"2016-03-09T13:23:37","guid":{"rendered":"http:\/\/www.blu-venture.de\/site\/?page_id=45"},"modified":"2021-08-28T10:26:58","modified_gmt":"2021-08-28T10:26:58","slug":"reiseinfo-toernblog","status":"publish","type":"page","link":"https:\/\/www.blu-venture.de\/?page_id=45","title":{"rendered":"Blog &#038; Newsletter"},"content":{"rendered":"<p><img loading=\"lazy\" decoding=\"async\" class=\"alignnone wp-image-478\" src=\"http:\/\/www.blu-venture.de\/site\/wp-content\/uploads\/2016\/03\/Gruppenbild_2.jpg\" alt=\"Gruppenbild_2\" width=\"484\" height=\"272\" \/> \u00a0 <img loading=\"lazy\" decoding=\"async\" class=\"alignnone wp-image-479 \" src=\"http:\/\/www.blu-venture.de\/site\/wp-content\/uploads\/2016\/03\/Gruppenbild-e1457690265950.jpg\" alt=\"Gruppenbild\" width=\"397\" height=\"272\" srcset=\"https:\/\/www.blu-venture.de\/site\/wp-content\/uploads\/2016\/03\/Gruppenbild-e1457690265950.jpg 450w, https:\/\/www.blu-venture.de\/site\/wp-content\/uploads\/2016\/03\/Gruppenbild-e1457690265950-300x205.jpg 300w\" sizes=\"auto, (max-width: 397px) 100vw, 397px\" \/><\/p>\n<h4>T\u00f6rnblog<\/h4>\n<p>Auf <strong><a href=\"http:\/\/blog.blu-venture.de\/\" target=\"_blank\" rel=\"noopener noreferrer\">blog.blu-venture.de<\/a><\/strong> k\u00f6nnt ihr in den Blogeintr\u00e4gen der vergangenen T\u00f6rns st\u00f6bern.<br \/>(Nutzt dazu die Suche im &#8220;T\u00f6rntagebuch-Archiv &#8211; Seegebiete&#8221; in der rechten Spalte)<br \/>Erfahrt, was aktuell an Bord von VAVA-U passiert und was es Neues gibt. Viele Fotos, Reiseberichte und <strong><a href=\"http:\/\/blog.blu-venture.de\/category\/tagebuch-bluventure\/gastekommentare-zum-torn\/\" target=\"_blank\" rel=\"noopener noreferrer\">G\u00e4stekommentare<\/a><\/strong> warten auf euch.<br \/>Nutzt im Blog die Navigationsleiste rechts, um gezielt nach Segelrevieren oder T\u00f6rnarten zu suchen.<\/p>\n<p>Einen weiteren Blog von VAVA-U mit Positionsangaben findet Ihr auf <strong><a href=\"https:\/\/www.sailblogs.com\/member\/vava-u\/\" target=\"_blank\" rel=\"noopener noreferrer\">Sailblogs.com<\/a><\/strong><\/p>\n<h4>Newsletter<\/h4>\n<p>M\u00f6chtest du die Newsletter, die ca. 3-4 Mal pro Jahr erscheinen, gerne per Mail erhalten?<br \/>Unter anderem werden Last-Minute-T\u00f6rns zu Sonderkonditionen bekannt gegeben.<\/p>\n<p><a href=\"mailto:toerns@blu-venture.de?Subject=Anmeldung Newsletter\">Hier<\/a>\u00a0kannst du dich anmelden<\/p>\n<h4>Letzter, aktueller Newsletter vom 28.8.2021<\/h4>\n\n\n<p>Hallo liebe Mitsegler<\/p>\n\n\n\n<p>Mit dem letzten Newsletter bat ich um Vorschl\u00e4ge und Abstimmung f\u00fcr den neuen Slogan.<\/p>\n\n\n\n<h2 class=\"wp-block-heading\">Neuer Slogan gesucht und gefunden<\/h2>\n\n\n\n<p>So viele von Euch haben sich beteiligt und daf\u00fcr m\u00f6chte ich mich herzlich bedanken.<br>Es gab eine ganze Reihe unterschiedlicher Vorschl\u00e4ge, die alle passend gewesen w\u00e4ren.<br>Aber es kann nat\u00fcrlich nur einen geben und der sollte m\u00f6glichst kurz und aussagekr\u00e4ftig sein.<\/p>\n\n\n\n<p>Die \u00fcberwiegende Mehrzahl fand Nummer f\u00fcnf am besten &#8211; und ich auch:<\/p>\n\n\n\n<figure class=\"wp-block-image size-large is-resized\"><img loading=\"lazy\" decoding=\"async\" src=\"https:\/\/www.blu-venture.de\/site\/wp-content\/uploads\/2021\/08\/bluventure-Logo-1024x350.png\" alt=\"\" class=\"wp-image-3242\" width=\"307\" height=\"105\" srcset=\"https:\/\/www.blu-venture.de\/site\/wp-content\/uploads\/2021\/08\/bluventure-Logo-1024x350.png 1024w, https:\/\/www.blu-venture.de\/site\/wp-content\/uploads\/2021\/08\/bluventure-Logo-300x103.png 300w, https:\/\/www.blu-venture.de\/site\/wp-content\/uploads\/2021\/08\/bluventure-Logo-768x263.png 768w, https:\/\/www.blu-venture.de\/site\/wp-content\/uploads\/2021\/08\/bluventure-Logo-1536x525.png 1536w, https:\/\/www.blu-venture.de\/site\/wp-content\/uploads\/2021\/08\/bluventure-Logo-2048x700.png 2048w\" sizes=\"auto, (max-width: 307px) 100vw, 307px\" \/><\/figure>\n\n\n\n<p>assend dazu wurde das neue Logo und die Wortmarke kreiert &#8211; Danke an Alessandra Fasino.<br>Hier sind die Links zu Ihrer <a href=\"https:\/\/fasino.design\">Webseite<\/a> und Ihrem <a href=\"https:\/\/www.instagram.com\/fasino.design\/\">Instagram-Account.<\/a><br>Sie hat auch gleich noch einen neuen Sticker entworfen, der demn\u00e4chst als Aufkleber vorhanden sein wird.<\/p>\n\n\n\n<figure class=\"wp-block-image size-full\"><img loading=\"lazy\" decoding=\"async\" width=\"407\" height=\"408\" src=\"https:\/\/www.blu-venture.de\/site\/wp-content\/uploads\/2021\/08\/Aufkleber_neu.jpg\" alt=\"\" class=\"wp-image-3243\" srcset=\"https:\/\/www.blu-venture.de\/site\/wp-content\/uploads\/2021\/08\/Aufkleber_neu.jpg 407w, https:\/\/www.blu-venture.de\/site\/wp-content\/uploads\/2021\/08\/Aufkleber_neu-300x300.jpg 300w, https:\/\/www.blu-venture.de\/site\/wp-content\/uploads\/2021\/08\/Aufkleber_neu-150x150.jpg 150w, https:\/\/www.blu-venture.de\/site\/wp-content\/uploads\/2021\/08\/Aufkleber_neu-270x270.jpg 270w, https:\/\/www.blu-venture.de\/site\/wp-content\/uploads\/2021\/08\/Aufkleber_neu-230x230.jpg 230w\" sizes=\"auto, (max-width: 407px) 100vw, 407px\" \/><\/figure>\n\n\n\n<p>Der Sticher wird dann in Zukunft auch auf den neuen VAVA-U T-Shirts und anderen Mercingdise Produkten zu finden sein.<\/p>\n\n\n\n<p>Ausserdem wird der Sticker und die neue Bild\/Wortmarke nat\u00fcrlich \u00fcberall im Web eingearbeitet.<\/p>\n\n\n\n<p>Schreibt mir doch mal wie es Euch gef\u00e4llt.<\/p>\n\n\n\n<h2 class=\"wp-block-heading\"><br>Reiseneuigkeiten zu Fidschi und Neuseeland<br><\/h2>\n\n\n\n<p>Beide L\u00e4nder haben angek\u00fcndigt bis zum Jahresende langsam wieder ihre Grenzen zu \u00f6ffnen.<br>Es geht also wieder los bzw. weiter und ich freue mich sehr viel von Euch alsbald dann wieder an Bord begr\u00fc\u00dfen zu k\u00f6nnen.<\/p>\n\n\n\n<p>Andere L\u00e4nder werden sicher nachziehen, so dass ich guter Hoffnung bin den aktuellen T\u00f6rnplan so wie er im Web steht auch halten zu k\u00f6nnen.<\/p>\n\n\n\n<p>Unter welchen Bedingungen die Einreisen dann jeweils stattfinden k\u00f6nnen wird sich dann zeigen.<\/p>\n\n\n\n<p>Hier die zugeh\u00f6rigen Links zu den Reiseank\u00fcndigungen:<br><a href=\"https:\/\/www.merkur.de\/reise\/neuseeland-urlaub-2022-corona-regeln-oeffnung-90918696.html\">MERKUR zu Neuseeland<\/a><br><\/p>\n\n\n\n<p><a href=\"https:\/\/www.zdf.de\/nachrichten\/panorama\/corona-neuseeland-grenzoeffnung-reisende-100.html\">ZDF zu Neuseeland<\/a><br><\/p>\n\n\n\n<p><a href=\"https:\/\/www.newstalkzb.co.nz\/on-air\/early-edition\/audio\/brent-hill-tourism-fiji-chief-says-they-are-optimistic-of-allowing-vaccinated-travellers-by-years-end\/#ath\">Tourismusministerium Fidschi<br><\/a><br><\/p>\n\n\n\n<h2 class=\"wp-block-heading\">T\u00f6rnplan Fidschi 2022 und mehr<br><\/h2>\n\n\n\n<p>F\u00fcr die Fidschi T\u00f6rns habe ich einige kleinere \u00c4nderungen vorgenommen und dadurch sind One-Way-T\u00f6rns zwischen den beiden Hauptinseln<br>Viti Levu und Vanua Levu entstanden. Wir starten dann immer abwechselnd in Denarau\/Nadi bzw. Savusavu.<br>Zwischen beiden gibt es mehrfach am Tage eine kurze Flugverbindung.<\/p>\n\n\n\n<p>Bis Mitte Mai 2022 bleibt VAVA-U zun\u00e4chst in Fidschi.<br>Hier&nbsp;k\u00f6nnt ihr auf&nbsp;3-w\u00f6chigen&nbsp;T\u00f6rns&nbsp;die vielseitige Inselwelt&nbsp;erkunden.<br>Ausganspunkt f\u00fcr die T\u00f6rns ist jeweils Nadi\/Denarau auf der Hauptinsel&nbsp;Viti&nbsp;Levu&nbsp;wo&nbsp;sich auch in unmittelbarer N\u00e4he der internationale Flughafen befindet.<\/p>\n\n\n\n<p>Ab Juni 2022&nbsp;starten die Mitsegelt\u00f6rns&nbsp;\u00fcber<br>Wallis &amp; Fortuna, Vanuatu und Neukaledonien&nbsp;bis nach Australien und nochmals Neuseeland.<\/p>\n\n\n\n<p>Die genauen Daten dazu findet Ihr auf meiner Webseite&nbsp;im&nbsp;<a href=\"https:\/\/www.blu-venture.de\/?page_id=29\">T\u00f6rnplan<\/a>.<br>Einige Detailbeschreibungen zu den T\u00f6rns fehlen noch, werden aber zeitnah nachgetragen und bei Interesse gebe ich nat\u00fcrlich gerne Auskunft.<\/p>\n\n\n\n<p>Da es schon recht viele Anfragen und auch Buchungen gibt sind nicht mehr viele Pl\u00e4tze frei &#8211; aber 2023 will ich ja noch mal kurz in Fidschi sein.<br><br><\/p>\n\n\n\n<h2 class=\"wp-block-heading\">\u00dcber ein Jahr Fidschi<\/h2>\n\n\n\n<p><br>Mittlerweile war VAVA-U auf zwei gro\u00dfen Rundreisen in Fidschis Gew\u00e4ssern unterwegs.<br>Die Fl\u00e4chenm\u00e4\u00dfige Ausdehnung mit den vielen kleinen Inseln im Westen (Mamanukas und Yasawas) und im Osten (Lau-Gruppe),<br>sowie von Nord nach S\u00fcd mit jeweils gut 300 Seemeilen, ist sehr gro\u00df.<br>Es fallen sozusagen immer mal wieder Nachtfahrten an um dann bei Tageslicht durch die Riffpassagen zum neuen Ankerplatz zu segeln.<\/p>\n\n\n\n<p>Wie immer siehe&nbsp;<a href=\"https:\/\/blog.blu-venture.de\/\">Blogbericht<\/a>.<\/p>\n\n\n\n<p>Demn\u00e4chst startet VAVA-U zu einer weiteren Rundreise, denn es gibt noch einige wei\u00dfe Flecken, also Inseln und Atolle die VAVA-U noch erkunden will.<br><br><\/p>\n\n\n\n<p>F\u00fcr die kommende CyclonSeason von November bis April steht VAVA-U wieder auf der Mangrovenliste der Denarau Marina.<br>Die Mangroven sind bei Bedarf in maximal 1-2 Tagen erreichbar und ein sicherer Platz f\u00fcr VAV-U, so wie auch schon im letzten Jahr.<br>Siehe <a href=\"https:\/\/blog.blu-venture.de\/2020\/12\/16\/vava-u-im-mangroven-shelter-wegen-yasa\/\">Video vom letzten Jahr im Blog<\/a>.<br><\/p>\n\n\n\n<p>Neues auf VAVA-U: \u2022 Neuer Autopilot von Raymarin und Bord PC.<br>Der alte von Simrad-Autopilot mit seinen mittlerweile unlesbaren Bedienteilen hatte nach 18 Jahren ausgesorgt.<br><br>Jetzt gibt es einen neuen Autopilotrechner nebst drei neuen Anzeigen\/Bedienteilen von Raymarin.<br>Der erste Seeerprobung war gleich erfolgreich und somit wird VAVA-U sicher weiter auf dem richtigen Kurs bleiben.<br><br>Auch gibt es einen neuen Bord PC mit besserer Leistung und einem passendem geklonten Zweiten als backup.<br>Erstaunlich dass die alten Siemens Bordrechner fast ununterbrochen seit 6 Jahren ihren Dienst getan hatten.<br>Zum Schluss aber doch ab und an mal ausfielen &#8211; aber es gab ja zwei passende backup Rechner.<br><br>\u2022 Diverse Sch\u00f6nheitsreparaturen<br>&nbsp;&nbsp;&nbsp; Das Trampolin hat eine neue verst\u00e4rkte Einfassung bekommen und wird nun sicherlich auch die n\u00e4chsten 5-6 Jahre halten.<br>Kleinere Malerarbeiten gibt es fast immer zu erledigen. Zuletzt waren die Heckplattformen in der Mitte sowie auf BB und STB dran.<br>Jetzt gl\u00e4nzt wieder alles &#8211; fast wie neu ;-).<br>Im Br\u00fcckendeck hat der Boden innen eine neue Klarlack Lakierung in Matt erhalten<\/p>\n\n\n\n<h2 class=\"wp-block-heading\">Langfristige T\u00f6rnplanung ab 2024- unver\u00e4ndert:<br><\/h2>\n\n\n\n<p>Der aktuelle&nbsp;<a href=\"https:\/\/www.blu-venture.de\/?page_id=29\">T\u00f6rnplan<\/a>&nbsp;auf der Webseite von blu-venture geht im Moment bis Januar 2024.<br>F\u00fcr die kommenden Ziele auf meiner weiteren Weltreise gibt es zwar noch keine konkreten T\u00f6rns,&nbsp;aber schon mal einen ungef\u00e4hren Zeitrahmen: \u2022&nbsp;Papua-Neuguinea&nbsp;&#8211; Indonesien 2024 \u2022&nbsp;Thailand 2024 \u2022&nbsp;Malediven, Seychellen,&nbsp;Madagaskar&nbsp;2025 \u2022&nbsp;S\u00fcdafrika 2025 \u2022&nbsp;St. Helena 2026 \u2022&nbsp;Brasilien und&nbsp;Franz\u00f6sisch&nbsp;Guyana 2026 \u2022&nbsp;Trinidad und Tobago 2027 \u2022&nbsp;Karibik 2027 \u2022&nbsp;Karibik-Mittelmeer 2028 \u2022&nbsp;Griechenland 2028<br><\/p>\n\n\n\n<h2 class=\"wp-block-heading\">Langzeitsegeln mit VAVA-U<\/h2>\n\n\n\n<p>In letzter Zeit h\u00e4ufen sich Anfragen nach l\u00e4ngeren Mitsegelzeiten auf VAVA-U<br>Wer also gerne&nbsp;2, 3,&nbsp;4&nbsp;oder mehr&nbsp;Monate&nbsp;an Bord mit dabei sein m\u00f6chte,&nbsp;der fragt bitte nach meinen Sonderkonditionen.&nbsp;<\/p>\n\n\n\n<h2 class=\"wp-block-heading\">Nochmal neue&nbsp;Videos auf&nbsp;meinem&nbsp;<a href=\"https:\/\/www.youtube.com\/channel\/UC_ge3S47IH7i2DbTyTYFiKw\">YouTube<\/a>-Kanal<\/h2>\n\n\n\n<p><a href=\"https:\/\/youtu.be\/9L54bjAcJLA\">One Week Viani Bay<br><\/a><a href=\"https:\/\/youtu.be\/GjSeHbXSIgo\">Taveuni &#8211; Wasser-Rutsche<\/a><\/p>\n\n\n\n<p><a href=\"https:\/\/youtu.be\/9L54bjAcJLA\"><\/a><a href=\"https:\/\/youtu.be\/eZu5PnujGBs\">Namuka-Island<\/a><\/p>\n\n\n\n<p><a href=\"https:\/\/youtu.be\/CmLM-cVhScQ\">Ogea-Island<\/a><\/p>\n\n\n\n<p><a href=\"https:\/\/youtu.be\/kp9Pxr47hY0\">Bay of Islands<\/a><br><a href=\"https:\/\/youtu.be\/9L54bjAcJLA\"><\/a><a href=\"https:\/\/youtu.be\/9L54bjAcJLA\"><\/a><\/p>\n\n\n\n<h2 class=\"wp-block-heading\">Auf bald an Bord freut sich&#8230;<\/h2>\n\n\n\n<figure class=\"wp-block-image size-full\"><img loading=\"lazy\" decoding=\"async\" width=\"300\" height=\"225\" src=\"https:\/\/www.blu-venture.de\/site\/wp-content\/uploads\/2020\/06\/P1000986_Bildgr\u00f6\u00dfe-\u00e4ndern.jpg\" alt=\"\" class=\"wp-image-2847\"\/><\/figure>\n\n\n\n<p><strong><em>Martin<\/em><\/strong><\/p>\n","protected":false},"excerpt":{"rendered":"<p>\u00a0 T\u00f6rnblog Auf blog.blu-venture.de k\u00f6nnt ihr in den Blogeintr\u00e4gen der vergangenen T\u00f6rns st\u00f6bern.(Nutzt dazu die Suche im &#8220;T\u00f6rntagebuch-Archiv &#8211; Seegebiete&#8221; in der rechten Spalte)Erfahrt, was aktuell an Bord von VAVA-U passiert und was es Neues gibt. Viele Fotos, Reiseberichte und<\/p>\n","protected":false},"author":2,"featured_media":0,"parent":0,"menu_order":0,"comment_status":"closed","ping_status":"closed","template":"","meta":{"sfsi_plus_gutenberg_text_before_share":"","sfsi_plus_gutenberg_show_text_before_share":"","sfsi_plus_gutenberg_icon_type":"","sfsi_plus_gutenberg_icon_alignemt":"","sfsi_plus_gutenburg_max_per_row":"","footnotes":""},"class_list":["post-45","page","type-page","status-publish","hentry"],"_links":{"self":[{"href":"https:\/\/www.blu-venture.de\/index.php?rest_route=\/wp\/v2\/pages\/45","targetHints":{"allow":["GET"]}}],"collection":[{"href":"https:\/\/www.blu-venture.de\/index.php?rest_route=\/wp\/v2\/pages"}],"about":[{"href":"https:\/\/www.blu-venture.de\/index.php?rest_route=\/wp\/v2\/types\/page"}],"author":[{"embeddable":true,"href":"https:\/\/www.blu-venture.de\/index.php?rest_route=\/wp\/v2\/users\/2"}],"replies":[{"embeddable":true,"href":"https:\/\/www.blu-venture.de\/index.php?rest_route=%2Fwp%2Fv2%2Fcomments&post=45"}],"version-history":[{"count":18,"href":"https:\/\/www.blu-venture.de\/index.php?rest_route=\/wp\/v2\/pages\/45\/revisions"}],"predecessor-version":[{"id":3695,"href":"https:\/\/www.blu-venture.de\/index.php?rest_route=\/wp\/v2\/pages\/45\/revisions\/3695"}],"wp:attachment":[{"href":"https:\/\/www.blu-venture.de\/index.php?rest_route=%2Fwp%2Fv2%2Fmedia&parent=45"}],"curies":[{"name":"wp","href":"https:\/\/api.w.org\/{rel}","templated":true}]}}