{"id":372,"date":"2016-03-10T20:51:23","date_gmt":"2016-03-10T20:51:23","guid":{"rendered":"http:\/\/www.blu-venture.de\/site\/?page_id=372"},"modified":"2026-03-31T14:34:52","modified_gmt":"2026-03-31T14:34:52","slug":"angebot-seemeilentoern","status":"publish","type":"page","link":"https:\/\/www.blu-venture.de\/?page_id=372","title":{"rendered":"Seemeilent\u00f6rns"},"content":{"rendered":"<h5><img loading=\"lazy\" decoding=\"async\" class=\"alignnone wp-image-187\" src=\"http:\/\/www.blu-venture.de\/site\/wp-content\/uploads\/2016\/03\/schnelle-fahrt.jpg\" alt=\"schnelle fahrt\" width=\"451\" height=\"321\" srcset=\"https:\/\/www.blu-venture.de\/site\/wp-content\/uploads\/2016\/03\/schnelle-fahrt.jpg 1159w, https:\/\/www.blu-venture.de\/site\/wp-content\/uploads\/2016\/03\/schnelle-fahrt-300x214.jpg 300w, https:\/\/www.blu-venture.de\/site\/wp-content\/uploads\/2016\/03\/schnelle-fahrt-768x547.jpg 768w, https:\/\/www.blu-venture.de\/site\/wp-content\/uploads\/2016\/03\/schnelle-fahrt-1024x729.jpg 1024w\" sizes=\"auto, (max-width: 451px) 100vw, 451px\" \/>\u00a0 <img loading=\"lazy\" decoding=\"async\" class=\"alignnone wp-image-107 \" src=\"http:\/\/www.blu-venture.de\/site\/wp-content\/uploads\/2016\/03\/Gro\u00dfsegel-setzten-auf-Katamran-VAVA-U-e1457960446883.jpg\" alt=\"Gro\u00dfsegel setzten auf Katamran VAVA-U\" width=\"459\" height=\"321\" srcset=\"https:\/\/www.blu-venture.de\/site\/wp-content\/uploads\/2016\/03\/Gro\u00dfsegel-setzten-auf-Katamran-VAVA-U-e1457960446883.jpg 2356w, https:\/\/www.blu-venture.de\/site\/wp-content\/uploads\/2016\/03\/Gro\u00dfsegel-setzten-auf-Katamran-VAVA-U-e1457960446883-300x210.jpg 300w, https:\/\/www.blu-venture.de\/site\/wp-content\/uploads\/2016\/03\/Gro\u00dfsegel-setzten-auf-Katamran-VAVA-U-e1457960446883-768x537.jpg 768w, https:\/\/www.blu-venture.de\/site\/wp-content\/uploads\/2016\/03\/Gro\u00dfsegel-setzten-auf-Katamran-VAVA-U-e1457960446883-1024x716.jpg 1024w\" sizes=\"auto, (max-width: 459px) 100vw, 459px\" \/><\/h5>\n<h5>\u00dcberf\u00fchrungst\u00f6rn &#8211; Seemeilent\u00f6rn<\/h5>\n<p>Zur Teilnahme an einem Seemeilent\u00f6rn sind keine besonderen seem\u00e4nnischen Kenntnisse erforderlich. Segelgrundkenntnisse und zumindest bedingte Seefestigkeit sollten aber vorhanden sein. Die T\u00f6rngebiete und Zeiten sind so gew\u00e4hlt, dass normalerweise nicht mit Starkwind und hohem Seegang zu rechnen ist. Die Wind- und Segelverh\u00e4ltnisse k\u00f6nnen je nach Jahreszeit aber auch anspruchsvoll sein.<br \/>Ein \u00dcberf\u00fchrungst\u00f6rn ist f\u00fcr jeden, der gerne Segelerfahrung und best\u00e4tigte Seemeilen sammeln m\u00f6chte, genau das Richtige.<\/p>\n<p>Die vorgegebene Route steht bei diesen Segelt\u00f6rns im Vordergrund. Trotzdem bleibt Zeit f\u00fcr Erholung und kleine Landausfl\u00fcge. In der Regel wird der T\u00f6rn entsprechend den Wetterbedingungen so geplant, dass das T\u00f6rnziel bereits einige Tage vor dem eigentlichen Ende erreicht wird und dadurch noch Zeit zum Relaxen im Gebiet des Zielortes bleibt.<br \/>Oft werden gr\u00f6\u00dfere Strecken oder auch nachts gesegelt. Ein \u201eSchlag\u201c kann 300-400 sm lang sein. Dies bedeutet eine durchschnittliche Fahrtzeit von 2-3 Tagen am St\u00fcck. Es ist notwendig, dass alle Crewmitglieder auch Wache gehen. Die Einteilung \u00fcbernimmt nach Absprache der Skipper. Der Jahreszeit entsprechend ist passende Segelbekleidung mitzubringen.<\/p>\n<h5><strong>Wer Interesse an Skippertrainings- und\/oder Seemeilent\u00f6rns hat, der kann sich gerne<br \/><a href=\"mailto:martin@blu-venture.de\">bei mir melden<\/a><br \/>und wir stellen ganz individuell was zusammen.<\/strong><\/h5>\n<p>Inwischen schaut doch mal im <a href=\"https:\/\/www.blu-venture.de\/?page_id=29\">T\u00f6rnplan<\/a> vorbei<\/p>\n\n\n<p><\/p>\n","protected":false},"excerpt":{"rendered":"<p>Best\u00e4tigte Seemeilen bei \u00dcberfahrten und \u00dcberf\u00fchrungst\u00f6rns sammeln<\/p>\n","protected":false},"author":2,"featured_media":683,"parent":0,"menu_order":0,"comment_status":"closed","ping_status":"closed","template":"","meta":{"sfsi_plus_gutenberg_text_before_share":"","sfsi_plus_gutenberg_show_text_before_share":"","sfsi_plus_gutenberg_icon_type":"","sfsi_plus_gutenberg_icon_alignemt":"","sfsi_plus_gutenburg_max_per_row":"","footnotes":""},"class_list":["post-372","page","type-page","status-publish","has-post-thumbnail","hentry"],"_links":{"self":[{"href":"https:\/\/www.blu-venture.de\/index.php?rest_route=\/wp\/v2\/pages\/372","targetHints":{"allow":["GET"]}}],"collection":[{"href":"https:\/\/www.blu-venture.de\/index.php?rest_route=\/wp\/v2\/pages"}],"about":[{"href":"https:\/\/www.blu-venture.de\/index.php?rest_route=\/wp\/v2\/types\/page"}],"author":[{"embeddable":true,"href":"https:\/\/www.blu-venture.de\/index.php?rest_route=\/wp\/v2\/users\/2"}],"replies":[{"embeddable":true,"href":"https:\/\/www.blu-venture.de\/index.php?rest_route=%2Fwp%2Fv2%2Fcomments&post=372"}],"version-history":[{"count":24,"href":"https:\/\/www.blu-venture.de\/index.php?rest_route=\/wp\/v2\/pages\/372\/revisions"}],"predecessor-version":[{"id":3756,"href":"https:\/\/www.blu-venture.de\/index.php?rest_route=\/wp\/v2\/pages\/372\/revisions\/3756"}],"wp:featuredmedia":[{"embeddable":true,"href":"https:\/\/www.blu-venture.de\/index.php?rest_route=\/wp\/v2\/media\/683"}],"wp:attachment":[{"href":"https:\/\/www.blu-venture.de\/index.php?rest_route=%2Fwp%2Fv2%2Fmedia&parent=372"}],"curies":[{"name":"wp","href":"https:\/\/api.w.org\/{rel}","templated":true}]}}