{"id":3441,"date":"2021-10-19T23:10:36","date_gmt":"2021-10-19T23:10:36","guid":{"rendered":"https:\/\/www.blu-venture.de\/?page_id=3441"},"modified":"2021-10-19T23:20:51","modified_gmt":"2021-10-19T23:20:51","slug":"2023-07-vanuatu-neukaledonien","status":"publish","type":"page","link":"https:\/\/www.blu-venture.de\/?page_id=3441","title":{"rendered":"2023-07 Vanuatu &#8211; Neukaledonien"},"content":{"rendered":"\n<figure class=\"wp-block-image size-full is-resized\"><img loading=\"lazy\" decoding=\"async\" src=\"https:\/\/www.blu-venture.de\/site\/wp-content\/uploads\/2021\/10\/2023-07_A.jpg\" alt=\"\" class=\"wp-image-3445\" width=\"549\" height=\"395\" srcset=\"https:\/\/www.blu-venture.de\/site\/wp-content\/uploads\/2021\/10\/2023-07_A.jpg 900w, https:\/\/www.blu-venture.de\/site\/wp-content\/uploads\/2021\/10\/2023-07_A-300x216.jpg 300w, https:\/\/www.blu-venture.de\/site\/wp-content\/uploads\/2021\/10\/2023-07_A-768x553.jpg 768w\" sizes=\"auto, (max-width: 549px) 100vw, 549px\" \/><\/figure>\n\n\n\n<figure class=\"wp-block-image size-full is-resized\"><img loading=\"lazy\" decoding=\"async\" src=\"https:\/\/www.blu-venture.de\/site\/wp-content\/uploads\/2021\/10\/2023-07.jpg\" alt=\"\" class=\"wp-image-3446\" width=\"547\" height=\"398\" srcset=\"https:\/\/www.blu-venture.de\/site\/wp-content\/uploads\/2021\/10\/2023-07.jpg 889w, https:\/\/www.blu-venture.de\/site\/wp-content\/uploads\/2021\/10\/2023-07-300x218.jpg 300w, https:\/\/www.blu-venture.de\/site\/wp-content\/uploads\/2021\/10\/2023-07-768x559.jpg 768w\" sizes=\"auto, (max-width: 547px) 100vw, 547px\" \/><\/figure>\n\n\n\n<h5 class=\"wp-block-heading\"><strong>Die Anreise<\/strong><\/h5>\n\n\n\n<p>F\u00fcr die Anreise nach Vanuatu, Internationaler Flughafen Pekoa auf Espiritu Santo,<br>gibt es w\u00f6chentliche Fl\u00fcge ab\/bis Brisbane, Australien. <\/p>\n\n\n\n<p><\/p>\n\n\n\n<h5 class=\"wp-block-heading\"><strong>Die Abreise<\/strong><\/h5>\n\n\n\n<p>Abreise \u00fcber Tontouta, dem Internationalen Flughafen, etwa 45 Km von Noumea entfernt, gibt es Direktfl\u00fcge nach Europa sowie nach Australien und Neuseeland. <\/p>\n\n\n\n<p><\/p>\n\n\n\n<h5 class=\"wp-block-heading\"><strong>Reiseverlauf<\/strong><\/h5>\n\n\n\n<p><em>Alle H\u00e4fen\/ Buchten\/ Inseln werden wetterabh\u00e4ngig angefahren,<br>es kann keine 100 %-ige Garantie f\u00fcr die jeweiligen Ziele und Beschreibungen gegeben werden.<\/em><\/p>\n\n\n\n<p>Die gr\u00f6\u00dfte Insel von Vanuatu \u2013 Espiritu Santo mit dem Hauptort Luganville ist unser Ausgangspunkt f\u00fcr diesen T\u00f6rn.<br>Bevor es von hier gen S\u00fcden durch die vielen Inseln bis zur Insel Efate losgeht k\u00f6nnen wir hier noch die Insel erkunden<\/p>\n\n\n\n<p>Auf dem Weg nach S\u00fcden ankern wir an vielen Inseln mit kleinen Orten, entdecken auf Wanderungen die Vielfalt des Regenwaldes. Wir erklimmen aktive Krater, schnorcheln in blue-holes und \u00fcber unber\u00fchrte Korallenlandschaften, relaxen an Sandstr\u00e4nden und trinken Kava mit den Einheimischen und\/oder begeben uns auf Inselrundreise mit dem Auto oder Buggy.<br>Auf jeder Insel wartet ein anderes kleines Abenteuer.<\/p>\n\n\n\n<p>Im quirligen Ort Villa auf Efate checken wir nach etwa 2 Wochen aus und segeln ca. 350 Meilen nach S\u00fcden. Unser Ziel dort ist Lifou, eine der drei Loyalty Islands, wo wir einklarieren k\u00f6nnen. Von hier aus erkunden wir noch die beiden anderen Inseln Mare und Ouvea.<\/p>\n\n\n\n<p>Von hier aus segeln wir dann nach Grande Terre im S\u00fcdosten von Neukaledonien mit seinem gro\u00dfen inneren Corallen Riff.<\/p>\n\n\n\n<p>Bevor dann der T\u00f6rn in Noumea, der Hauptstadt von Neukaledoniens zu Ende geht machen wir noch einen Abstecher zur Ile de Pin mit seinen t\u00fcrkisen wei\u00dfen Sandstr\u00e4nden sowie tropischer Vegetation. Caption James Cook gab 1774 der Inselgruppe seinen Namen.<\/p>\n\n\n\n<p>Wer will kann dann von Noumea aus auf eigene Faust diverse Landausfl\u00fcge machen.<\/p>\n\n\n\n<p>Wichtige Infos<\/p>\n\n\n\n<p>Dies ist ein One-Way-T\u00f6rn.<\/p>\n\n\n\n<p>F\u00fcr die Anreise nach Vanuatu, Internationaler Flughafen Pekoa auf Espiritu Santo,<br>gibt es w\u00f6chentliche Fl\u00fcge ab\/bis Brisbane, Australien.<\/p>\n\n\n\n<p>Abreise \u00fcber Tontouta, dem Internationalen Flughafen, etwa 45 Km von Noumea entfernt, gibt es Direktfl\u00fcge nach Europa sowie nach Australien und Neuseeland.<\/p>\n\n\n\n<p>Hier ein paar Videos, die VAVA-U auf seiner Rundreise in Fidschi gemacht hat.<\/p>\n\n\n\n<p>Weitere findet Ihr auch auf meinem <a href=\"https:\/\/blog.blu-venture.de\/\">Blog.blu-venture<\/a> und im <a href=\"https:\/\/www.youtube.com\/channel\/UC_ge3S47IH7i2DbTyTYFiKw\">Blu-Venture Youtube-Kanal<\/a><\/p>\n\n\n\n<figure class=\"wp-block-embed is-type-video is-provider-youtube wp-block-embed-youtube wp-embed-aspect-16-9 wp-has-aspect-ratio\"><div class=\"wp-block-embed__wrapper\">\n<iframe loading=\"lazy\" title=\"Drohnenflug \u00fcber Fidschis Lomaloma Island - Bay of Islands\" width=\"750\" height=\"422\" src=\"https:\/\/www.youtube.com\/embed\/8JRoR_5kIAw?feature=oembed\" frameborder=\"0\" allow=\"accelerometer; autoplay; clipboard-write; encrypted-media; gyroscope; picture-in-picture\" allowfullscreen><\/iframe>\n<\/div><\/figure>\n\n\n\n<figure class=\"wp-block-embed is-type-video is-provider-youtube wp-block-embed-youtube wp-embed-aspect-16-9 wp-has-aspect-ratio\"><div class=\"wp-block-embed__wrapper\">\n<iframe loading=\"lazy\" title=\"Catamaran VAVA-U in Moala Island, Fidschi-Fiji\" width=\"750\" height=\"422\" src=\"https:\/\/www.youtube.com\/embed\/u2VfZuxQMaI?feature=oembed\" frameborder=\"0\" allow=\"accelerometer; autoplay; clipboard-write; encrypted-media; gyroscope; picture-in-picture\" allowfullscreen><\/iframe>\n<\/div><\/figure>\n\n\n\n<h5 class=\"wp-block-heading\"><strong>Sonstiges:<\/strong><\/h5>\n\n\n\n<p>Internet und Telefon:<br>Auf den gro\u00dfen Inseln und \u00fcberall dort wo es Resorts gibt, gibt es auch Internet.<br>Deutsche Provider haben Roamingabkommen. Bitte in Deutschland die Kosten hierf\u00fcr nachfragen und freischalten lassen.<\/p>\n\n\n\n<p>Geld:<br><br>In den Resorts und gro\u00dfen Orten kann man mit Karte Zahlen.<br>Geldtausch am Automaten nur in gro\u00dfen Orten und am Flughafen<\/p>\n\n\n\n<p>Versicherungen:<br>Bitte eine Auslandskrankenversicherung abschlie\u00dfen.<br>Die \u00e4rztliche Versorgung auf den Hauptinseln ist sehr gut.<br>Auf den kleinen Inseln gibt es \u00fcberall eine kleine Krankenstation mit einer Krankenschwester. F\u00fcr Notf\u00e4lle kann ein Hubschrauber angefordert werden (Versicherung!)<\/p>\n\n\n\n<h4 class=\"wp-block-heading\"><strong>Weitere Reiseinformationen:<\/strong><\/h4>\n\n\n\n<p>Bitte unbedingt die aktuellen CORONA-Reisebedingungen aller beteiligten L\u00e4nder beachten, auch wenn diese nur zum Transit benutzt werden. Es wird ein Reisepass ben\u00f6tigt, der noch mindestens 6 Monate \u00fcber die geplante Reisezeit hinaus g\u00fcltig ist. Zus\u00e4tzlich empfiehlt sich eine Auslandskranken- und eine Reiser\u00fccktrittversicherung Telefon\/ Internet: Nicht jeder Mobilfunkanbieter hat eine Romingabkommen. Roaming ist sehr teuer und ggf. lohnt sich der Kauf einer SIM-Karte. Internet ist sehr oft frei verf\u00fcgbar.<\/p>\n","protected":false},"excerpt":{"rendered":"<p>Die Anreise F\u00fcr die Anreise nach Vanuatu, Internationaler Flughafen Pekoa auf Espiritu Santo,gibt es w\u00f6chentliche Fl\u00fcge ab\/bis Brisbane, Australien. Die Abreise Abreise \u00fcber Tontouta, dem Internationalen Flughafen, etwa 45 Km von Noumea entfernt, gibt es Direktfl\u00fcge nach Europa sowie nach<\/p>\n","protected":false},"author":2,"featured_media":0,"parent":0,"menu_order":0,"comment_status":"closed","ping_status":"closed","template":"","meta":{"sfsi_plus_gutenberg_text_before_share":"","sfsi_plus_gutenberg_show_text_before_share":"","sfsi_plus_gutenberg_icon_type":"","sfsi_plus_gutenberg_icon_alignemt":"","sfsi_plus_gutenburg_max_per_row":"","footnotes":""},"class_list":["post-3441","page","type-page","status-publish","hentry"],"_links":{"self":[{"href":"https:\/\/www.blu-venture.de\/index.php?rest_route=\/wp\/v2\/pages\/3441","targetHints":{"allow":["GET"]}}],"collection":[{"href":"https:\/\/www.blu-venture.de\/index.php?rest_route=\/wp\/v2\/pages"}],"about":[{"href":"https:\/\/www.blu-venture.de\/index.php?rest_route=\/wp\/v2\/types\/page"}],"author":[{"embeddable":true,"href":"https:\/\/www.blu-venture.de\/index.php?rest_route=\/wp\/v2\/users\/2"}],"replies":[{"embeddable":true,"href":"https:\/\/www.blu-venture.de\/index.php?rest_route=%2Fwp%2Fv2%2Fcomments&post=3441"}],"version-history":[{"count":4,"href":"https:\/\/www.blu-venture.de\/index.php?rest_route=\/wp\/v2\/pages\/3441\/revisions"}],"predecessor-version":[{"id":3451,"href":"https:\/\/www.blu-venture.de\/index.php?rest_route=\/wp\/v2\/pages\/3441\/revisions\/3451"}],"wp:attachment":[{"href":"https:\/\/www.blu-venture.de\/index.php?rest_route=%2Fwp%2Fv2%2Fmedia&parent=3441"}],"curies":[{"name":"wp","href":"https:\/\/api.w.org\/{rel}","templated":true}]}}