{"id":11,"date":"2016-03-09T12:50:01","date_gmt":"2016-03-09T12:50:01","guid":{"rendered":"http:\/\/www.blu-venture.de\/site\/?page_id=11"},"modified":"2021-07-28T04:00:28","modified_gmt":"2021-07-28T04:00:28","slug":"weltumseglung","status":"publish","type":"page","link":"https:\/\/www.blu-venture.de\/?page_id=11","title":{"rendered":"VAVA-U auf Weltumsegelung"},"content":{"rendered":"<p><img loading=\"lazy\" decoding=\"async\" class=\"alignnone size-full wp-image-635\" src=\"http:\/\/www.blu-venture.de\/site\/wp-content\/uploads\/2016\/03\/Weltumsegelung_karte.jpg\" alt=\"Weltumsegelung_karte\" width=\"1280\" height=\"669\" srcset=\"https:\/\/www.blu-venture.de\/site\/wp-content\/uploads\/2016\/03\/Weltumsegelung_karte.jpg 1280w, https:\/\/www.blu-venture.de\/site\/wp-content\/uploads\/2016\/03\/Weltumsegelung_karte-300x157.jpg 300w, https:\/\/www.blu-venture.de\/site\/wp-content\/uploads\/2016\/03\/Weltumsegelung_karte-768x401.jpg 768w, https:\/\/www.blu-venture.de\/site\/wp-content\/uploads\/2016\/03\/Weltumsegelung_karte-1024x535.jpg 1024w\" sizes=\"auto, (max-width: 1280px) 100vw, 1280px\" \/><\/p>\n<p>Seit Fr\u00fchjahr 2016 ist VAVA-U ab Kreta auf Kurs West zur Weltumsegelung unterwegs.<br \/>\nAuf zwei- bis vierw\u00f6chigen Segelt\u00f6rns oder Ozeanpassagen k\u00f6nnt ihr mitkommen und mit VAVA-U die Welt erkunden.<br \/>\nAlso seid mit dabei: &#8220;Mit VAVA-U nach VAVA-U&#8221; &#8211; das war das Motto bis 2019. Weiter geht es &#8220;Mit dem Wind um die Welt&#8221;.<\/p>\n<p>Seht euch an, welche <a href=\"http:\/\/www.blu-venture.de\/site\/?page_id=29\">T\u00f6rns<\/a> geplant sind.<\/p>\n<p>T\u00f6rnhistorie mit Katamaran VAVA-U seit 2013<br \/>\n\n<table id=\"tablepress-15\" class=\"tablepress tablepress-id-15 tablepress-responsive\">\n<thead>\n<tr class=\"row-1 odd\">\n\t<th class=\"column-1\">Segeltage gesamt seit 2013<\/th><th class=\"column-2\">Anzahl durchgef\u00fchrte T\u00f6rns seit 2013<\/th><th class=\"column-3\">Seetage (Nachtfahrten) gesamt seit 2013<\/th><th class=\"column-4\">zur\u00fcckgelegte Seemeilen seit 2013<\/th><th class=\"column-5\">Anzahl Mitsegler seit 2013<\/th><th class=\"column-6\">&nbsp;<\/th><th class=\"column-7\">&nbsp;<\/th><th class=\"column-8\">&nbsp;<\/th><th class=\"column-9\">&nbsp;<\/th>\n<\/tr>\n<\/thead>\n<tbody class=\"row-hover\">\n<tr class=\"row-2 even\">\n\t<td class=\"column-1\">2967<\/td><td class=\"column-2\">175<\/td><td class=\"column-3\">359<\/td><td class=\"column-4\">82894<\/td><td class=\"column-5\">743<\/td><td class=\"column-6\"><\/td><td class=\"column-7\"><\/td><td class=\"column-8\"><\/td><td class=\"column-9\"><\/td>\n<\/tr>\n<\/tbody>\n<\/table>\n<!-- #tablepress-15 from cache --> Ausf\u00fchrliche Infos mit Links zu den dazugeh\u00f6rigen T\u00f6rnblogs findet ihr <a href=\"http:\/\/www.blu-venture.de\/site\/?page_id=2641\">hier<\/a>!<\/p>\n","protected":false},"excerpt":{"rendered":"<p>Seit Fr\u00fchjahr 2016 ist VAVA-U ab Kreta auf Kurs West zur Weltumsegelung unterwegs. Auf zwei- bis vierw\u00f6chigen Segelt\u00f6rns oder Ozeanpassagen k\u00f6nnt ihr mitkommen und mit VAVA-U die Welt erkunden. Also seid mit dabei: &#8220;Mit VAVA-U nach VAVA-U&#8221; &#8211; das war<\/p>\n","protected":false},"author":2,"featured_media":12,"parent":0,"menu_order":0,"comment_status":"closed","ping_status":"closed","template":"","meta":{"sfsi_plus_gutenberg_text_before_share":"","sfsi_plus_gutenberg_show_text_before_share":"","sfsi_plus_gutenberg_icon_type":"","sfsi_plus_gutenberg_icon_alignemt":"","sfsi_plus_gutenburg_max_per_row":"","footnotes":""},"class_list":["post-11","page","type-page","status-publish","has-post-thumbnail","hentry"],"_links":{"self":[{"href":"https:\/\/www.blu-venture.de\/index.php?rest_route=\/wp\/v2\/pages\/11","targetHints":{"allow":["GET"]}}],"collection":[{"href":"https:\/\/www.blu-venture.de\/index.php?rest_route=\/wp\/v2\/pages"}],"about":[{"href":"https:\/\/www.blu-venture.de\/index.php?rest_route=\/wp\/v2\/types\/page"}],"author":[{"embeddable":true,"href":"https:\/\/www.blu-venture.de\/index.php?rest_route=\/wp\/v2\/users\/2"}],"replies":[{"embeddable":true,"href":"https:\/\/www.blu-venture.de\/index.php?rest_route=%2Fwp%2Fv2%2Fcomments&post=11"}],"version-history":[{"count":13,"href":"https:\/\/www.blu-venture.de\/index.php?rest_route=\/wp\/v2\/pages\/11\/revisions"}],"predecessor-version":[{"id":3149,"href":"https:\/\/www.blu-venture.de\/index.php?rest_route=\/wp\/v2\/pages\/11\/revisions\/3149"}],"wp:featuredmedia":[{"embeddable":true,"href":"https:\/\/www.blu-venture.de\/index.php?rest_route=\/wp\/v2\/media\/12"}],"wp:attachment":[{"href":"https:\/\/www.blu-venture.de\/index.php?rest_route=%2Fwp%2Fv2%2Fmedia&parent=11"}],"curies":[{"name":"wp","href":"https:\/\/api.w.org\/{rel}","templated":true}]}}